{"id":1381,"date":"2025-09-23T16:55:26","date_gmt":"2025-09-23T14:55:26","guid":{"rendered":"https:\/\/rincondemarinos.almunecar.fun\/?page_id=1381"},"modified":"2025-09-23T18:34:52","modified_gmt":"2025-09-23T16:34:52","slug":"elementor-1381","status":"publish","type":"page","link":"https:\/\/rincondemarinos.almunecar.fun\/?page_id=1381&lang=es","title":{"rendered":"Vacation house Rinc\u00f3n de Marinos, Almu\u00f1ecar, Spain &#8211; ES"},"content":{"rendered":"\t\t<div data-elementor-type=\"wp-page\" data-elementor-id=\"1381\" class=\"elementor elementor-1381\" data-elementor-post-type=\"page\">\n\t\t\t\t<div class=\"elementor-element elementor-element-e47126d e-flex e-con-boxed e-con e-parent\" data-id=\"e47126d\" data-element_type=\"container\" data-e-type=\"container\">\n\t\t\t\t\t<div class=\"e-con-inner\">\n\t\t\t\t<div class=\"elementor-element elementor-element-3771635 elementor-widget elementor-widget-image\" data-id=\"3771635\" data-element_type=\"widget\" data-e-type=\"widget\" data-widget_type=\"image.default\">\n\t\t\t\t<div class=\"elementor-widget-container\">\n\t\t\t\t\t\t\t\t\t\t\t\t<figure class=\"wp-caption\">\n\t\t\t\t\t\t\t\t\t\t<img fetchpriority=\"high\" decoding=\"async\" width=\"1891\" height=\"379\" src=\"https:\/\/rincondemarinos.almunecar.fun\/wp-content\/uploads\/2025\/05\/header.jpg\" class=\"attachment-full size-full wp-image-917\" alt=\"\" srcset=\"https:\/\/rincondemarinos.almunecar.fun\/wp-content\/uploads\/2025\/05\/header.jpg 1891w, https:\/\/rincondemarinos.almunecar.fun\/wp-content\/uploads\/2025\/05\/header-300x60.jpg 300w, https:\/\/rincondemarinos.almunecar.fun\/wp-content\/uploads\/2025\/05\/header-1024x205.jpg 1024w, https:\/\/rincondemarinos.almunecar.fun\/wp-content\/uploads\/2025\/05\/header-768x154.jpg 768w, https:\/\/rincondemarinos.almunecar.fun\/wp-content\/uploads\/2025\/05\/header-1536x308.jpg 1536w\" sizes=\"(max-width: 1891px) 100vw, 1891px\" \/>\t\t\t\t\t\t\t\t\t\t\t<figcaption class=\"widget-image-caption wp-caption-text\">Casa de vacaciones Rinc\u00f3n de Marinos, Almu\u00f1\u00e9car, Espa\u00f1a<\/figcaption>\n\t\t\t\t\t\t\t\t\t\t<\/figure>\n\t\t\t\t\t\t\t\t\t<\/div>\n\t\t\t\t<\/div>\n\t\t\t\t\t<\/div>\n\t\t\t\t<\/div>\n\t\t<div class=\"elementor-element elementor-element-d7ac81c e-flex e-con-boxed e-con e-parent\" data-id=\"d7ac81c\" data-element_type=\"container\" data-e-type=\"container\">\n\t\t\t\t\t<div class=\"e-con-inner\">\n\t\t\t\t<div class=\"elementor-element elementor-element-79a0a6e elementor-widget elementor-widget-text-editor\" data-id=\"79a0a6e\" data-element_type=\"widget\" data-e-type=\"widget\" data-widget_type=\"text-editor.default\">\n\t\t\t\t<div class=\"elementor-widget-container\">\n\t\t\t\t\t\t\t\t\t<p>2 dormitorios, 2 ba\u00f1os, sala de estar, piscina, terraza, balc\u00f3n, jard\u00edn, vistas a la monta\u00f1a, vistas a la ciudad, vistas al mar, se admiten mascotas, plaza de aparcamiento gratuita, WiFi gratis, Smart TV, lavadora, cocina totalmente equipada, aire acondicionado.<\/p>\t\t\t\t\t\t\t\t<\/div>\n\t\t\t\t<\/div>\n\t\t\t\t\t<\/div>\n\t\t\t\t<\/div>\n\t\t<div class=\"elementor-element elementor-element-cd55aa2 e-flex e-con-boxed e-con e-parent\" data-id=\"cd55aa2\" data-element_type=\"container\" data-e-type=\"container\">\n\t\t\t\t\t<div class=\"e-con-inner\">\n\t\t\t\t<div class=\"elementor-element elementor-element-100d27d elementor-widget elementor-widget-heading\" data-id=\"100d27d\" data-element_type=\"widget\" data-e-type=\"widget\" data-widget_type=\"heading.default\">\n\t\t\t\t<div class=\"elementor-widget-container\">\n\t\t\t\t\t<h2 class=\"elementor-heading-title elementor-size-default\">\u00a1Descubre tu rinc\u00f3n del para\u00edso en la encantadora Almu\u00f1\u00e9car!<\/h2>\t\t\t\t<\/div>\n\t\t\t\t<\/div>\n\t\t\t\t\t<\/div>\n\t\t\t\t<\/div>\n\t\t<div class=\"elementor-element elementor-element-13fa249 e-flex e-con-boxed e-con e-parent\" data-id=\"13fa249\" data-element_type=\"container\" data-e-type=\"container\">\n\t\t\t\t\t<div class=\"e-con-inner\">\n\t\t\t\t<div class=\"elementor-element elementor-element-d741aa2 elementor-widget elementor-widget-text-editor\" data-id=\"d741aa2\" data-element_type=\"widget\" data-e-type=\"widget\" data-widget_type=\"text-editor.default\">\n\t\t\t\t<div class=\"elementor-widget-container\">\n\t\t\t\t\t\t\t\t\t<p>\u00bfSue\u00f1as con unas vacaciones llenas de sol, brisa marina y momentos inolvidables? Te invitamos a nuestro espacioso y c\u00f3modo apartamento, \u00a1tu oasis de paz en la hermosa Almu\u00f1\u00e9car! Rodeado de pintorescos paisajes y a solo unos pasos de la playa, te espera el lugar perfecto para la relajaci\u00f3n y la aventura.<\/p>\t\t\t\t\t\t\t\t<\/div>\n\t\t\t\t<\/div>\n\t\t\t\t\t<\/div>\n\t\t\t\t<\/div>\n\t\t<div class=\"elementor-element elementor-element-949836a e-flex e-con-boxed e-con e-parent\" data-id=\"949836a\" data-element_type=\"container\" data-e-type=\"container\">\n\t\t\t\t\t<div class=\"e-con-inner\">\n\t\t\t\t<div class=\"elementor-element elementor-element-2d0be7a elementor-arrows-position-outside elementor-pagination-position-outside elementor-widget elementor-widget-image-carousel\" data-id=\"2d0be7a\" data-element_type=\"widget\" data-e-type=\"widget\" data-settings=\"{&quot;slides_to_show&quot;:&quot;6&quot;,&quot;slides_to_show_tablet&quot;:&quot;5&quot;,&quot;image_spacing_custom&quot;:{&quot;unit&quot;:&quot;px&quot;,&quot;size&quot;:0,&quot;sizes&quot;:[]},&quot;navigation&quot;:&quot;both&quot;,&quot;autoplay&quot;:&quot;yes&quot;,&quot;pause_on_hover&quot;:&quot;yes&quot;,&quot;pause_on_interaction&quot;:&quot;yes&quot;,&quot;autoplay_speed&quot;:5000,&quot;infinite&quot;:&quot;yes&quot;,&quot;speed&quot;:500,&quot;image_spacing_custom_tablet&quot;:{&quot;unit&quot;:&quot;px&quot;,&quot;size&quot;:&quot;&quot;,&quot;sizes&quot;:[]},&quot;image_spacing_custom_mobile&quot;:{&quot;unit&quot;:&quot;px&quot;,&quot;size&quot;:&quot;&quot;,&quot;sizes&quot;:[]}}\" data-widget_type=\"image-carousel.default\">\n\t\t\t\t<div class=\"elementor-widget-container\">\n\t\t\t\t\t\t\t<div class=\"elementor-image-carousel-wrapper swiper\" role=\"region\" aria-roledescription=\"carousel\" aria-label=\"Karuzela obrazk\u00f3w\" dir=\"ltr\">\n\t\t\t<div class=\"elementor-image-carousel swiper-wrapper\" aria-live=\"off\">\n\t\t\t\t\t\t\t\t<div class=\"swiper-slide\" role=\"group\" aria-roledescription=\"slide\" aria-label=\"1 de 17\"><a data-elementor-open-lightbox=\"yes\" data-elementor-lightbox-slideshow=\"2d0be7a\" data-elementor-lightbox-title=\"living room\" data-e-action-hash=\"#elementor-action%3Aaction%3Dlightbox%26settings%3DeyJpZCI6ODkzLCJ1cmwiOiJodHRwczpcL1wvcmluY29uZGVtYXJpbm9zLmFsbXVuZWNhci5mdW5cL3dwLWNvbnRlbnRcL3VwbG9hZHNcLzIwMjVcLzA1XC9zYWxvbi0zLWJvb2tpbmctc2NhbGVkLmpwZyIsInNsaWRlc2hvdyI6IjJkMGJlN2EifQ%3D%3D\" href=\"https:\/\/rincondemarinos.almunecar.fun\/wp-content\/uploads\/2025\/05\/salon-3-booking-scaled.jpg\"><figure class=\"swiper-slide-inner\"><img decoding=\"async\" class=\"swiper-slide-image\" src=\"https:\/\/rincondemarinos.almunecar.fun\/wp-content\/uploads\/2025\/05\/salon-3-booking-150x150.jpg\" alt=\"living room\" \/><figcaption class=\"elementor-image-carousel-caption\">living room<\/figcaption><\/figure><\/a><\/div><div class=\"swiper-slide\" role=\"group\" aria-roledescription=\"slide\" aria-label=\"2 de 17\"><a data-elementor-open-lightbox=\"yes\" data-elementor-lightbox-slideshow=\"2d0be7a\" data-elementor-lightbox-title=\"living room\" data-e-action-hash=\"#elementor-action%3Aaction%3Dlightbox%26settings%3DeyJpZCI6ODk0LCJ1cmwiOiJodHRwczpcL1wvcmluY29uZGVtYXJpbm9zLmFsbXVuZWNhci5mdW5cL3dwLWNvbnRlbnRcL3VwbG9hZHNcLzIwMjVcLzA1XC9zYWxvbi00LXNjYWxlZC5qcGciLCJzbGlkZXNob3ciOiIyZDBiZTdhIn0%3D\" href=\"https:\/\/rincondemarinos.almunecar.fun\/wp-content\/uploads\/2025\/05\/salon-4-scaled.jpg\"><figure class=\"swiper-slide-inner\"><img decoding=\"async\" class=\"swiper-slide-image\" src=\"https:\/\/rincondemarinos.almunecar.fun\/wp-content\/uploads\/2025\/05\/salon-4-150x150.jpg\" alt=\"living room\" \/><figcaption class=\"elementor-image-carousel-caption\">living room<\/figcaption><\/figure><\/a><\/div><div class=\"swiper-slide\" role=\"group\" aria-roledescription=\"slide\" aria-label=\"3 de 17\"><a data-elementor-open-lightbox=\"yes\" data-elementor-lightbox-slideshow=\"2d0be7a\" data-elementor-lightbox-title=\"living room\" data-e-action-hash=\"#elementor-action%3Aaction%3Dlightbox%26settings%3DeyJpZCI6ODk1LCJ1cmwiOiJodHRwczpcL1wvcmluY29uZGVtYXJpbm9zLmFsbXVuZWNhci5mdW5cL3dwLWNvbnRlbnRcL3VwbG9hZHNcLzIwMjVcLzA1XC9zYWxvbi01LXNjYWxlZC5qcGciLCJzbGlkZXNob3ciOiIyZDBiZTdhIn0%3D\" href=\"https:\/\/rincondemarinos.almunecar.fun\/wp-content\/uploads\/2025\/05\/salon-5-scaled.jpg\"><figure class=\"swiper-slide-inner\"><img decoding=\"async\" class=\"swiper-slide-image\" src=\"https:\/\/rincondemarinos.almunecar.fun\/wp-content\/uploads\/2025\/05\/salon-5-150x150.jpg\" alt=\"living room\" \/><figcaption class=\"elementor-image-carousel-caption\">living room<\/figcaption><\/figure><\/a><\/div><div class=\"swiper-slide\" role=\"group\" aria-roledescription=\"slide\" aria-label=\"4 de 17\"><a data-elementor-open-lightbox=\"yes\" data-elementor-lightbox-slideshow=\"2d0be7a\" data-elementor-lightbox-title=\"living room\" data-e-action-hash=\"#elementor-action%3Aaction%3Dlightbox%26settings%3DeyJpZCI6ODk2LCJ1cmwiOiJodHRwczpcL1wvcmluY29uZGVtYXJpbm9zLmFsbXVuZWNhci5mdW5cL3dwLWNvbnRlbnRcL3VwbG9hZHNcLzIwMjVcLzA1XC9zYWxvbi1zb2ZhLWNhbWEtc2NhbGVkLmpwZyIsInNsaWRlc2hvdyI6IjJkMGJlN2EifQ%3D%3D\" href=\"https:\/\/rincondemarinos.almunecar.fun\/wp-content\/uploads\/2025\/05\/salon-sofa-cama-scaled.jpg\"><figure class=\"swiper-slide-inner\"><img decoding=\"async\" class=\"swiper-slide-image\" src=\"https:\/\/rincondemarinos.almunecar.fun\/wp-content\/uploads\/2025\/05\/salon-sofa-cama-150x150.jpg\" alt=\"living room\" \/><figcaption class=\"elementor-image-carousel-caption\">living room<\/figcaption><\/figure><\/a><\/div><div class=\"swiper-slide\" role=\"group\" aria-roledescription=\"slide\" aria-label=\"5 de 17\"><a data-elementor-open-lightbox=\"yes\" data-elementor-lightbox-slideshow=\"2d0be7a\" data-elementor-lightbox-title=\"kitchen\" data-e-action-hash=\"#elementor-action%3Aaction%3Dlightbox%26settings%3DeyJpZCI6ODkxLCJ1cmwiOiJodHRwczpcL1wvcmluY29uZGVtYXJpbm9zLmFsbXVuZWNhci5mdW5cL3dwLWNvbnRlbnRcL3VwbG9hZHNcLzIwMjVcLzA1XC9rdWNobmlhLTItYm9va2luZy1zY2FsZWQuanBnIiwic2xpZGVzaG93IjoiMmQwYmU3YSJ9\" href=\"https:\/\/rincondemarinos.almunecar.fun\/wp-content\/uploads\/2025\/05\/kuchnia-2-booking-scaled.jpg\"><figure class=\"swiper-slide-inner\"><img decoding=\"async\" class=\"swiper-slide-image\" src=\"https:\/\/rincondemarinos.almunecar.fun\/wp-content\/uploads\/2025\/05\/kuchnia-2-booking-150x150.jpg\" alt=\"kitchen\" \/><figcaption class=\"elementor-image-carousel-caption\">kitchen<\/figcaption><\/figure><\/a><\/div><div class=\"swiper-slide\" role=\"group\" aria-roledescription=\"slide\" aria-label=\"6 de 17\"><a data-elementor-open-lightbox=\"yes\" data-elementor-lightbox-slideshow=\"2d0be7a\" data-elementor-lightbox-title=\"bathroom 1\" data-e-action-hash=\"#elementor-action%3Aaction%3Dlightbox%26settings%3DeyJpZCI6OTA1LCJ1cmwiOiJodHRwczpcL1wvcmluY29uZGVtYXJpbm9zLmFsbXVuZWNhci5mdW5cL3dwLWNvbnRlbnRcL3VwbG9hZHNcLzIwMjVcLzA1XC93Yy00LXNjYWxlZC5qcGciLCJzbGlkZXNob3ciOiIyZDBiZTdhIn0%3D\" href=\"https:\/\/rincondemarinos.almunecar.fun\/wp-content\/uploads\/2025\/05\/wc-4-scaled.jpg\"><figure class=\"swiper-slide-inner\"><img decoding=\"async\" class=\"swiper-slide-image\" src=\"https:\/\/rincondemarinos.almunecar.fun\/wp-content\/uploads\/2025\/05\/wc-4-150x150.jpg\" alt=\"bathroom 1\" \/><figcaption class=\"elementor-image-carousel-caption\">bathroom 1<\/figcaption><\/figure><\/a><\/div><div class=\"swiper-slide\" role=\"group\" aria-roledescription=\"slide\" aria-label=\"7 de 17\"><a data-elementor-open-lightbox=\"yes\" data-elementor-lightbox-slideshow=\"2d0be7a\" data-elementor-lightbox-title=\"bathroom 2\" data-e-action-hash=\"#elementor-action%3Aaction%3Dlightbox%26settings%3DeyJpZCI6MTI4LCJ1cmwiOiJodHRwczpcL1wvcmluY29uZGVtYXJpbm9zLmFsbXVuZWNhci5mdW5cL3dwLWNvbnRlbnRcL3VwbG9hZHNcLzIwMjVcLzA1XC9CT08yMzExLTEuanBnIiwic2xpZGVzaG93IjoiMmQwYmU3YSJ9\" href=\"https:\/\/rincondemarinos.almunecar.fun\/wp-content\/uploads\/2025\/05\/BOO2311-1.jpg\"><figure class=\"swiper-slide-inner\"><img decoding=\"async\" class=\"swiper-slide-image\" src=\"https:\/\/rincondemarinos.almunecar.fun\/wp-content\/uploads\/2025\/05\/BOO2311-1-150x150.jpg\" alt=\"bathroom 2\" \/><figcaption class=\"elementor-image-carousel-caption\">bathroom 2<\/figcaption><\/figure><\/a><\/div><div class=\"swiper-slide\" role=\"group\" aria-roledescription=\"slide\" aria-label=\"8 de 17\"><a data-elementor-open-lightbox=\"yes\" data-elementor-lightbox-slideshow=\"2d0be7a\" data-elementor-lightbox-title=\"bedroom 1\" data-e-action-hash=\"#elementor-action%3Aaction%3Dlightbox%26settings%3DeyJpZCI6MTI2LCJ1cmwiOiJodHRwczpcL1wvcmluY29uZGVtYXJpbm9zLmFsbXVuZWNhci5mdW5cL3dwLWNvbnRlbnRcL3VwbG9hZHNcLzIwMjVcLzA1XC9CT08yMzA5LTEuanBnIiwic2xpZGVzaG93IjoiMmQwYmU3YSJ9\" href=\"https:\/\/rincondemarinos.almunecar.fun\/wp-content\/uploads\/2025\/05\/BOO2309-1.jpg\"><figure class=\"swiper-slide-inner\"><img decoding=\"async\" class=\"swiper-slide-image\" src=\"https:\/\/rincondemarinos.almunecar.fun\/wp-content\/uploads\/2025\/05\/BOO2309-1-150x150.jpg\" alt=\"bedroom 1\" \/><figcaption class=\"elementor-image-carousel-caption\">bedroom 1<\/figcaption><\/figure><\/a><\/div><div class=\"swiper-slide\" role=\"group\" aria-roledescription=\"slide\" aria-label=\"9 de 17\"><a data-elementor-open-lightbox=\"yes\" data-elementor-lightbox-slideshow=\"2d0be7a\" data-elementor-lightbox-title=\"bedroom 2\" data-e-action-hash=\"#elementor-action%3Aaction%3Dlightbox%26settings%3DeyJpZCI6NTksInVybCI6Imh0dHBzOlwvXC9yaW5jb25kZW1hcmlub3MuYWxtdW5lY2FyLmZ1blwvd3AtY29udGVudFwvdXBsb2Fkc1wvMjAyNVwvMDVcL0JPTzIyOTctc2NhbGVkLmpwZyIsInNsaWRlc2hvdyI6IjJkMGJlN2EifQ%3D%3D\" href=\"https:\/\/rincondemarinos.almunecar.fun\/wp-content\/uploads\/2025\/05\/BOO2297-scaled.jpg\"><figure class=\"swiper-slide-inner\"><img decoding=\"async\" class=\"swiper-slide-image\" src=\"https:\/\/rincondemarinos.almunecar.fun\/wp-content\/uploads\/2025\/05\/BOO2297-150x150.jpg\" alt=\"bedroom 2\" \/><figcaption class=\"elementor-image-carousel-caption\">bedroom 2<\/figcaption><\/figure><\/a><\/div><div class=\"swiper-slide\" role=\"group\" aria-roledescription=\"slide\" aria-label=\"10 de 17\"><a data-elementor-open-lightbox=\"yes\" data-elementor-lightbox-slideshow=\"2d0be7a\" data-elementor-lightbox-title=\"swiming pool\" data-e-action-hash=\"#elementor-action%3Aaction%3Dlightbox%26settings%3DeyJpZCI6ODg5LCJ1cmwiOiJodHRwczpcL1wvcmluY29uZGVtYXJpbm9zLmFsbXVuZWNhci5mdW5cL3dwLWNvbnRlbnRcL3VwbG9hZHNcLzIwMjVcLzA1XC9iYXNlbi0xMy5qcGciLCJzbGlkZXNob3ciOiIyZDBiZTdhIn0%3D\" href=\"https:\/\/rincondemarinos.almunecar.fun\/wp-content\/uploads\/2025\/05\/basen-13.jpg\"><figure class=\"swiper-slide-inner\"><img decoding=\"async\" class=\"swiper-slide-image\" src=\"https:\/\/rincondemarinos.almunecar.fun\/wp-content\/uploads\/2025\/05\/basen-13-150x150.jpg\" alt=\"swiming pool\" \/><figcaption class=\"elementor-image-carousel-caption\">swiming pool<\/figcaption><\/figure><\/a><\/div><div class=\"swiper-slide\" role=\"group\" aria-roledescription=\"slide\" aria-label=\"11 de 17\"><a data-elementor-open-lightbox=\"yes\" data-elementor-lightbox-slideshow=\"2d0be7a\" data-elementor-lightbox-title=\"terrace\" data-e-action-hash=\"#elementor-action%3Aaction%3Dlightbox%26settings%3DeyJpZCI6ODk5LCJ1cmwiOiJodHRwczpcL1wvcmluY29uZGVtYXJpbm9zLmFsbXVuZWNhci5mdW5cL3dwLWNvbnRlbnRcL3VwbG9hZHNcLzIwMjVcLzA1XC90YXJhcy0zLWJvb2tpbmctc2NhbGVkLmpwZyIsInNsaWRlc2hvdyI6IjJkMGJlN2EifQ%3D%3D\" href=\"https:\/\/rincondemarinos.almunecar.fun\/wp-content\/uploads\/2025\/05\/taras-3-booking-scaled.jpg\"><figure class=\"swiper-slide-inner\"><img decoding=\"async\" class=\"swiper-slide-image\" src=\"https:\/\/rincondemarinos.almunecar.fun\/wp-content\/uploads\/2025\/05\/taras-3-booking-150x150.jpg\" alt=\"terrace\" \/><figcaption class=\"elementor-image-carousel-caption\">terrace<\/figcaption><\/figure><\/a><\/div><div class=\"swiper-slide\" role=\"group\" aria-roledescription=\"slide\" aria-label=\"12 de 17\"><a data-elementor-open-lightbox=\"yes\" data-elementor-lightbox-slideshow=\"2d0be7a\" data-elementor-lightbox-title=\"terrace\" data-e-action-hash=\"#elementor-action%3Aaction%3Dlightbox%26settings%3DeyJpZCI6OTAyLCJ1cmwiOiJodHRwczpcL1wvcmluY29uZGVtYXJpbm9zLmFsbXVuZWNhci5mdW5cL3dwLWNvbnRlbnRcL3VwbG9hZHNcLzIwMjVcLzA1XC90YXJhcy04LWJvb2tpbmctc2NhbGVkLmpwZyIsInNsaWRlc2hvdyI6IjJkMGJlN2EifQ%3D%3D\" href=\"https:\/\/rincondemarinos.almunecar.fun\/wp-content\/uploads\/2025\/05\/taras-8-booking-scaled.jpg\"><figure class=\"swiper-slide-inner\"><img decoding=\"async\" class=\"swiper-slide-image\" src=\"https:\/\/rincondemarinos.almunecar.fun\/wp-content\/uploads\/2025\/05\/taras-8-booking-150x150.jpg\" alt=\"terrace\" \/><figcaption class=\"elementor-image-carousel-caption\">terrace<\/figcaption><\/figure><\/a><\/div><div class=\"swiper-slide\" role=\"group\" aria-roledescription=\"slide\" aria-label=\"13 de 17\"><a data-elementor-open-lightbox=\"yes\" data-elementor-lightbox-slideshow=\"2d0be7a\" data-elementor-lightbox-title=\"lift\" data-e-action-hash=\"#elementor-action%3Aaction%3Dlightbox%26settings%3DeyJpZCI6OTA2LCJ1cmwiOiJodHRwczpcL1wvcmluY29uZGVtYXJpbm9zLmFsbXVuZWNhci5mdW5cL3dwLWNvbnRlbnRcL3VwbG9hZHNcLzIwMjVcLzA1XC93aW5kYS0xLWJvb2tpbmcuanBnIiwic2xpZGVzaG93IjoiMmQwYmU3YSJ9\" href=\"https:\/\/rincondemarinos.almunecar.fun\/wp-content\/uploads\/2025\/05\/winda-1-booking.jpg\"><figure class=\"swiper-slide-inner\"><img decoding=\"async\" class=\"swiper-slide-image\" src=\"https:\/\/rincondemarinos.almunecar.fun\/wp-content\/uploads\/2025\/05\/winda-1-booking-150x150.jpg\" alt=\"lift\" \/><figcaption class=\"elementor-image-carousel-caption\">lift<\/figcaption><\/figure><\/a><\/div><div class=\"swiper-slide\" role=\"group\" aria-roledescription=\"slide\" aria-label=\"14 de 17\"><a data-elementor-open-lightbox=\"yes\" data-elementor-lightbox-slideshow=\"2d0be7a\" data-elementor-lightbox-title=\"garden\" data-e-action-hash=\"#elementor-action%3Aaction%3Dlightbox%26settings%3DeyJpZCI6OTA4LCJ1cmwiOiJodHRwczpcL1wvcmluY29uZGVtYXJpbm9zLmFsbXVuZWNhci5mdW5cL3dwLWNvbnRlbnRcL3VwbG9hZHNcLzIwMjVcLzA1XC96aWVsZW4tNi1zY2FsZWQuanBnIiwic2xpZGVzaG93IjoiMmQwYmU3YSJ9\" href=\"https:\/\/rincondemarinos.almunecar.fun\/wp-content\/uploads\/2025\/05\/zielen-6-scaled.jpg\"><figure class=\"swiper-slide-inner\"><img decoding=\"async\" class=\"swiper-slide-image\" src=\"https:\/\/rincondemarinos.almunecar.fun\/wp-content\/uploads\/2025\/05\/zielen-6-150x150.jpg\" alt=\"garden\" \/><figcaption class=\"elementor-image-carousel-caption\">garden<\/figcaption><\/figure><\/a><\/div><div class=\"swiper-slide\" role=\"group\" aria-roledescription=\"slide\" aria-label=\"15 de 17\"><a data-elementor-open-lightbox=\"yes\" data-elementor-lightbox-slideshow=\"2d0be7a\" data-elementor-lightbox-title=\"garden\" data-e-action-hash=\"#elementor-action%3Aaction%3Dlightbox%26settings%3DeyJpZCI6OTA5LCJ1cmwiOiJodHRwczpcL1wvcmluY29uZGVtYXJpbm9zLmFsbXVuZWNhci5mdW5cL3dwLWNvbnRlbnRcL3VwbG9hZHNcLzIwMjVcLzA1XC96aWVsZW4tMTEtc2NhbGVkLmpwZyIsInNsaWRlc2hvdyI6IjJkMGJlN2EifQ%3D%3D\" href=\"https:\/\/rincondemarinos.almunecar.fun\/wp-content\/uploads\/2025\/05\/zielen-11-scaled.jpg\"><figure class=\"swiper-slide-inner\"><img decoding=\"async\" class=\"swiper-slide-image\" src=\"https:\/\/rincondemarinos.almunecar.fun\/wp-content\/uploads\/2025\/05\/zielen-11-150x150.jpg\" alt=\"garden\" \/><figcaption class=\"elementor-image-carousel-caption\">garden<\/figcaption><\/figure><\/a><\/div><div class=\"swiper-slide\" role=\"group\" aria-roledescription=\"slide\" aria-label=\"16 de 17\"><a data-elementor-open-lightbox=\"yes\" data-elementor-lightbox-slideshow=\"2d0be7a\" data-elementor-lightbox-title=\"parking place\" data-e-action-hash=\"#elementor-action%3Aaction%3Dlightbox%26settings%3DeyJpZCI6ODkyLCJ1cmwiOiJodHRwczpcL1wvcmluY29uZGVtYXJpbm9zLmFsbXVuZWNhci5mdW5cL3dwLWNvbnRlbnRcL3VwbG9hZHNcLzIwMjVcLzA1XC9wYXJraW5nLTEtc2NhbGVkLmpwZyIsInNsaWRlc2hvdyI6IjJkMGJlN2EifQ%3D%3D\" href=\"https:\/\/rincondemarinos.almunecar.fun\/wp-content\/uploads\/2025\/05\/parking-1-scaled.jpg\"><figure class=\"swiper-slide-inner\"><img decoding=\"async\" class=\"swiper-slide-image\" src=\"https:\/\/rincondemarinos.almunecar.fun\/wp-content\/uploads\/2025\/05\/parking-1-150x150.jpg\" alt=\"parking place\" \/><figcaption class=\"elementor-image-carousel-caption\">parking place<\/figcaption><\/figure><\/a><\/div><div class=\"swiper-slide\" role=\"group\" aria-roledescription=\"slide\" aria-label=\"17 de 17\"><a data-elementor-open-lightbox=\"yes\" data-elementor-lightbox-slideshow=\"2d0be7a\" data-elementor-lightbox-title=\"entrance\" data-e-action-hash=\"#elementor-action%3Aaction%3Dlightbox%26settings%3DeyJpZCI6ODkwLCJ1cmwiOiJodHRwczpcL1wvcmluY29uZGVtYXJpbm9zLmFsbXVuZWNhci5mdW5cL3dwLWNvbnRlbnRcL3VwbG9hZHNcLzIwMjVcLzA1XC9kb20tMi1ib29raW5nLXNjYWxlZC5qcGciLCJzbGlkZXNob3ciOiIyZDBiZTdhIn0%3D\" href=\"https:\/\/rincondemarinos.almunecar.fun\/wp-content\/uploads\/2025\/05\/dom-2-booking-scaled.jpg\"><figure class=\"swiper-slide-inner\"><img decoding=\"async\" class=\"swiper-slide-image\" src=\"https:\/\/rincondemarinos.almunecar.fun\/wp-content\/uploads\/2025\/05\/dom-2-booking-150x150.jpg\" alt=\"entrance\" \/><figcaption class=\"elementor-image-carousel-caption\">entrance<\/figcaption><\/figure><\/a><\/div>\t\t\t<\/div>\n\t\t\t\t\t\t\t\t\t\t\t\t<div class=\"elementor-swiper-button elementor-swiper-button-prev\" role=\"button\" tabindex=\"0\">\n\t\t\t\t\t\t<svg aria-hidden=\"true\" class=\"e-font-icon-svg e-eicon-chevron-left\" viewBox=\"0 0 1000 1000\" xmlns=\"http:\/\/www.w3.org\/2000\/svg\"><path d=\"M646 125C629 125 613 133 604 142L308 442C296 454 292 471 292 487 292 504 296 521 308 533L604 854C617 867 629 875 646 875 663 875 679 871 692 858 704 846 713 829 713 812 713 796 708 779 692 767L438 487 692 225C700 217 708 204 708 187 708 171 704 154 692 142 675 129 663 125 646 125Z\"><\/path><\/svg>\t\t\t\t\t<\/div>\n\t\t\t\t\t<div class=\"elementor-swiper-button elementor-swiper-button-next\" role=\"button\" tabindex=\"0\">\n\t\t\t\t\t\t<svg aria-hidden=\"true\" class=\"e-font-icon-svg e-eicon-chevron-right\" viewBox=\"0 0 1000 1000\" xmlns=\"http:\/\/www.w3.org\/2000\/svg\"><path d=\"M696 533C708 521 713 504 713 487 713 471 708 454 696 446L400 146C388 133 375 125 354 125 338 125 325 129 313 142 300 154 292 171 292 187 292 204 296 221 308 233L563 492 304 771C292 783 288 800 288 817 288 833 296 850 308 863 321 871 338 875 354 875 371 875 388 867 400 854L696 533Z\"><\/path><\/svg>\t\t\t\t\t<\/div>\n\t\t\t\t\n\t\t\t\t\t\t\t\t\t<div class=\"swiper-pagination\"><\/div>\n\t\t\t\t\t\t\t\t\t<\/div>\n\t\t\t\t\t\t<\/div>\n\t\t\t\t<\/div>\n\t\t\t\t\t<\/div>\n\t\t\t\t<\/div>\n\t\t\t\t<\/div>\n\t\t","protected":false},"excerpt":{"rendered":"<p>Casa de vacaciones Rinc\u00f3n de Marinos, Almu\u00f1\u00e9car, Espa\u00f1a 2 dormitorios, 2 ba\u00f1os, sala de estar, piscina, terraza, balc\u00f3n, jard\u00edn, vistas a la monta\u00f1a, vistas a la ciudad, vistas al mar, se admiten mascotas, plaza de aparcamiento gratuita, WiFi gratis, Smart TV, lavadora, cocina totalmente equipada, aire acondicionado. \u00a1Descubre tu rinc\u00f3n del para\u00edso en la encantadora [&hellip;]<\/p>\n","protected":false},"author":1,"featured_media":0,"parent":0,"menu_order":0,"comment_status":"closed","ping_status":"closed","template":"","meta":{"footnotes":""},"class_list":["post-1381","page","type-page","status-publish","hentry"],"_links":{"self":[{"href":"https:\/\/rincondemarinos.almunecar.fun\/index.php?rest_route=\/wp\/v2\/pages\/1381","targetHints":{"allow":["GET"]}}],"collection":[{"href":"https:\/\/rincondemarinos.almunecar.fun\/index.php?rest_route=\/wp\/v2\/pages"}],"about":[{"href":"https:\/\/rincondemarinos.almunecar.fun\/index.php?rest_route=\/wp\/v2\/types\/page"}],"author":[{"embeddable":true,"href":"https:\/\/rincondemarinos.almunecar.fun\/index.php?rest_route=\/wp\/v2\/users\/1"}],"replies":[{"embeddable":true,"href":"https:\/\/rincondemarinos.almunecar.fun\/index.php?rest_route=%2Fwp%2Fv2%2Fcomments&post=1381"}],"version-history":[{"count":8,"href":"https:\/\/rincondemarinos.almunecar.fun\/index.php?rest_route=\/wp\/v2\/pages\/1381\/revisions"}],"predecessor-version":[{"id":1502,"href":"https:\/\/rincondemarinos.almunecar.fun\/index.php?rest_route=\/wp\/v2\/pages\/1381\/revisions\/1502"}],"wp:attachment":[{"href":"https:\/\/rincondemarinos.almunecar.fun\/index.php?rest_route=%2Fwp%2Fv2%2Fmedia&parent=1381"}],"curies":[{"name":"wp","href":"https:\/\/api.w.org\/{rel}","templated":true}]}}