{"id":1399,"date":"2025-09-23T17:07:06","date_gmt":"2025-09-23T15:07:06","guid":{"rendered":"https:\/\/rincondemarinos.almunecar.fun\/?page_id=1399"},"modified":"2025-09-23T18:29:16","modified_gmt":"2025-09-23T16:29:16","slug":"elementor-1399","status":"publish","type":"page","link":"https:\/\/rincondemarinos.almunecar.fun\/?page_id=1399&lang=es","title":{"rendered":"Booking and property polices &#8211; ES"},"content":{"rendered":"\t\t<div data-elementor-type=\"wp-page\" data-elementor-id=\"1399\" class=\"elementor elementor-1399\" data-elementor-post-type=\"page\">\n\t\t\t\t<div class=\"elementor-element elementor-element-db8d526 e-flex e-con-boxed e-con e-parent\" data-id=\"db8d526\" data-element_type=\"container\" data-e-type=\"container\">\n\t\t\t\t\t<div class=\"e-con-inner\">\n\t\t\t\t<div class=\"elementor-element elementor-element-5d977cb elementor-widget elementor-widget-text-editor\" data-id=\"5d977cb\" data-element_type=\"widget\" data-e-type=\"widget\" data-widget_type=\"text-editor.default\">\n\t\t\t\t<div class=\"elementor-widget-container\">\n\t\t\t\t\t\t\t\t\t<p><strong>Condiciones de reserva:<\/strong><\/p><ul><li>La reserva se puede cancelar sin coste alguno dentro de las 24 horas y hasta 3 semanas antes de la llegada.<\/li><li>Al reservar, se requieren datos de contacto, incluido un n\u00famero de tel\u00e9fono. Adem\u00e1s, de conformidad con la legislaci\u00f3n espa\u00f1ola se requieren registrar los datos personales de todos los hu\u00e9spedes antes la llegada.<\/li><li><strong>Aceptamos reservas para estancias largas de m\u00e1s de 28 noches: cont\u00e1ctenos directamente (se aplican tarifas separadas).<\/strong><\/li><\/ul><p><strong>Condiciones de alojamiento:<\/strong><\/p><ul><li>El horario de entrada es de 16:00 a 23:30 y la salida hasta las 12:00. Es posible llegar antes o salir despu\u00e9s de la hora establecida, previa reserva.<\/li><li>Las llaves ser\u00e1n entregadas a los hu\u00e9spedes por un miembro del personal.<\/li><li>Los ni\u00f1os 3 a\u00f1os o menos se pueden alojar gratis al utilizar una cuna disponible.<\/li><li>Hay conexi\u00f3n Wi-Fi de 300 Mbps disponible en todas las habitaciones y es gratuita.<\/li><li>El aparcamiento para invitados se encuentra junto a la casa, debajo de la terraza.<\/li><li>Se admiten mascotas.<\/li><li>Se permite fumar (con restricciones).<\/li><\/ul><p><u><br \/><\/u><a href=\"https:\/\/rincondemarinos.almunecar.fun\/?page_id=1394&amp;lang=es\"><strong>Reserva ahora<\/strong><\/a>.<\/p><p><a href=\"https:\/\/rincondemarinos.almunecar.fun\/?page_id=1437&amp;lang=es\"><strong>Normas de casa <\/strong><\/a><\/p>\t\t\t\t\t\t\t\t<\/div>\n\t\t\t\t<\/div>\n\t\t\t\t\t<\/div>\n\t\t\t\t<\/div>\n\t\t\t\t<\/div>\n\t\t","protected":false},"excerpt":{"rendered":"<p>Condiciones de reserva: La reserva se puede cancelar sin coste alguno dentro de las 24 horas y hasta 3 semanas antes de la llegada. Al reservar, se requieren datos de contacto, incluido un n\u00famero de tel\u00e9fono. Adem\u00e1s, de conformidad con la legislaci\u00f3n espa\u00f1ola se requieren registrar los datos personales de todos los hu\u00e9spedes antes la [&hellip;]<\/p>\n","protected":false},"author":1,"featured_media":0,"parent":0,"menu_order":0,"comment_status":"closed","ping_status":"closed","template":"","meta":{"footnotes":""},"class_list":["post-1399","page","type-page","status-publish","hentry"],"_links":{"self":[{"href":"https:\/\/rincondemarinos.almunecar.fun\/index.php?rest_route=\/wp\/v2\/pages\/1399","targetHints":{"allow":["GET"]}}],"collection":[{"href":"https:\/\/rincondemarinos.almunecar.fun\/index.php?rest_route=\/wp\/v2\/pages"}],"about":[{"href":"https:\/\/rincondemarinos.almunecar.fun\/index.php?rest_route=\/wp\/v2\/types\/page"}],"author":[{"embeddable":true,"href":"https:\/\/rincondemarinos.almunecar.fun\/index.php?rest_route=\/wp\/v2\/users\/1"}],"replies":[{"embeddable":true,"href":"https:\/\/rincondemarinos.almunecar.fun\/index.php?rest_route=%2Fwp%2Fv2%2Fcomments&post=1399"}],"version-history":[{"count":9,"href":"https:\/\/rincondemarinos.almunecar.fun\/index.php?rest_route=\/wp\/v2\/pages\/1399\/revisions"}],"predecessor-version":[{"id":1486,"href":"https:\/\/rincondemarinos.almunecar.fun\/index.php?rest_route=\/wp\/v2\/pages\/1399\/revisions\/1486"}],"wp:attachment":[{"href":"https:\/\/rincondemarinos.almunecar.fun\/index.php?rest_route=%2Fwp%2Fv2%2Fmedia&parent=1399"}],"curies":[{"name":"wp","href":"https:\/\/api.w.org\/{rel}","templated":true}]}}