{"id":1405,"date":"2025-09-23T17:10:31","date_gmt":"2025-09-23T15:10:31","guid":{"rendered":"https:\/\/rincondemarinos.almunecar.fun\/?page_id=1405"},"modified":"2025-09-23T18:27:05","modified_gmt":"2025-09-23T16:27:05","slug":"almunecar-2","status":"publish","type":"page","link":"https:\/\/rincondemarinos.almunecar.fun\/?page_id=1405&lang=es","title":{"rendered":"Almu\u00f1\u00e9car &#8211; ES"},"content":{"rendered":"\t\t<div data-elementor-type=\"wp-page\" data-elementor-id=\"1405\" class=\"elementor elementor-1405\" data-elementor-post-type=\"page\">\n\t\t\t\t<div class=\"elementor-element elementor-element-d2c6ff6 e-flex e-con-boxed e-con e-parent\" data-id=\"d2c6ff6\" data-element_type=\"container\" data-e-type=\"container\">\n\t\t\t\t\t<div class=\"e-con-inner\">\n\t\t\t\t<div class=\"elementor-element elementor-element-5cec0c92 elementor-widget elementor-widget-text-editor\" data-id=\"5cec0c92\" data-element_type=\"widget\" data-e-type=\"widget\" data-widget_type=\"text-editor.default\">\n\t\t\t\t<div class=\"elementor-widget-container\">\n\t\t\t\t\t\t\t\t\t<p><strong>Descubre Almu\u00f1\u00e9car, la joya de la Costa Tropical<\/strong><\/p>\n<p>\u00a1Bienvenido a Almu\u00f1\u00e9car, un pueblo absolutamente impresionante en la hermosa Costa Tropical! Imagina d\u00edas disfrutando del sol espa\u00f1ol en playas con las cristalinas aguas del Mediterr\u00e1neo.<\/p>\n<p>Con una poblaci\u00f3n de poco menos de 30 mil personas <a href=\"https:\/\/discoveralmunecar.com\/\"><strong>Almu\u00f1\u00e9car<\/strong><\/a>&nbsp; es la capital tur\u00edstica de la Costa Tropical. La ciudad presume de un pasado fascinante y paisajes pintorescos. Mucha gente desconoce que, con sus 3.000 a\u00f1os de historia, es la ciudad m\u00e1s antigua del litoral mediterr\u00e1neo espa\u00f1ol, hecho que se refleja en sus numerosos monumentos. Las tradiciones se mantienen vivas durante todo el a\u00f1o, con ferias, festivales y celebraciones locales. Las celebraciones de Semana Santa, con sus caracter\u00edsticas procesiones, merecen especial atenci\u00f3n. Hay muchos restaurantes excelentes en Almu\u00f1\u00e9car, que sirven comida tradicional e internacional. La gastronom\u00eda local est\u00e1 dominada por pescados y mariscos frescos, as\u00ed como platos de carne<\/p>\n<p><\/p>\n<p><a href=\"https:\/\/www.turismocostatropical.es\/\"><strong>Costa Tropical<\/strong><\/a><\/p>\n<p>Gracias a su ubicaci\u00f3n entre el mar y la Sierra Nevada, la regi\u00f3n es famosa por su microclima subtropical \u00fanico durante todo el a\u00f1o. Se caracteriza por una mayor humedad y temperaturas m\u00e1s bajas en verano, as\u00ed como por inviernos m\u00e1s suaves y c\u00e1lidos. Esto facilita el cultivo de frutas tropicales, la base de la econom\u00eda de la regi\u00f3n.<\/p>\n<p><span style=\"font-size: 1rem;\">Ver m\u00e1s:<\/span><\/p>\n<p><a href=\"https:\/\/almunecarinfo.com\/\">Almu\u00f1\u00e9car Info <\/a><\/p>\n<p><a href=\"https:\/\/discoveralmunecar.com\/\">Descubre Almu\u00f1\u00e9car<\/a><\/p>\n<p><a href=\"https:\/\/www.visitalmunecar.es\/\">Almu\u00f1\u00e9car La Herradura Turismo<\/a><\/p>\n<p><!-- \/wp:paragraph --><!-- wp:image {\"id\":270,\"sizeSlug\":\"full\",\"linkDestination\":\"none\"} --><\/p>\n<figure class=\"wp-block-image size-full\"><\/figure>\n<p><!-- \/wp:image --><\/p>\t\t\t\t\t\t\t\t<\/div>\n\t\t\t\t<\/div>\n\t\t\t\t\t<\/div>\n\t\t\t\t<\/div>\n\t\t<div class=\"elementor-element elementor-element-171d31f e-flex e-con-boxed e-con e-parent\" data-id=\"171d31f\" data-element_type=\"container\" data-e-type=\"container\">\n\t\t\t\t\t<div class=\"e-con-inner\">\n\t\t\t\t<div class=\"elementor-element elementor-element-3b606a6 elementor-arrows-position-inside elementor-pagination-position-outside elementor-widget elementor-widget-image-carousel\" data-id=\"3b606a6\" data-element_type=\"widget\" data-e-type=\"widget\" data-settings=\"{&quot;slides_to_show&quot;:&quot;7&quot;,&quot;speed&quot;:200,&quot;navigation&quot;:&quot;both&quot;,&quot;autoplay&quot;:&quot;yes&quot;,&quot;pause_on_hover&quot;:&quot;yes&quot;,&quot;pause_on_interaction&quot;:&quot;yes&quot;,&quot;autoplay_speed&quot;:5000,&quot;infinite&quot;:&quot;yes&quot;}\" data-widget_type=\"image-carousel.default\">\n\t\t\t\t<div class=\"elementor-widget-container\">\n\t\t\t\t\t\t\t<div class=\"elementor-image-carousel-wrapper swiper\" role=\"region\" aria-roledescription=\"carousel\" aria-label=\"Karuzela obrazk\u00f3w\" dir=\"ltr\">\n\t\t\t<div class=\"elementor-image-carousel swiper-wrapper\" aria-live=\"off\">\n\t\t\t\t\t\t\t\t<div class=\"swiper-slide\" role=\"group\" aria-roledescription=\"slide\" aria-label=\"1 de 16\"><a data-elementor-open-lightbox=\"yes\" data-elementor-lightbox-slideshow=\"3b606a6\" data-elementor-lightbox-title=\"20211102_182124\" data-e-action-hash=\"#elementor-action%3Aaction%3Dlightbox%26settings%3DeyJpZCI6NTg5LCJ1cmwiOiJodHRwczpcL1wvcmluY29uZGVtYXJpbm9zLmFsbXVuZWNhci5mdW5cL3dwLWNvbnRlbnRcL3VwbG9hZHNcLzIwMjVcLzA1XC8yMDIxMTEwMl8xODIxMjQtc2NhbGVkLmpwZyIsInNsaWRlc2hvdyI6IjNiNjA2YTYifQ%3D%3D\" href=\"https:\/\/rincondemarinos.almunecar.fun\/wp-content\/uploads\/2025\/05\/20211102_182124-scaled.jpg\"><figure class=\"swiper-slide-inner\"><img decoding=\"async\" class=\"swiper-slide-image\" src=\"https:\/\/rincondemarinos.almunecar.fun\/wp-content\/uploads\/2025\/05\/20211102_182124-150x150.jpg\" alt=\"20211102_182124\" \/><\/figure><\/a><\/div><div class=\"swiper-slide\" role=\"group\" aria-roledescription=\"slide\" aria-label=\"2 de 16\"><a data-elementor-open-lightbox=\"yes\" data-elementor-lightbox-slideshow=\"3b606a6\" data-elementor-lightbox-title=\"20211225_222928\" data-e-action-hash=\"#elementor-action%3Aaction%3Dlightbox%26settings%3DeyJpZCI6NTkwLCJ1cmwiOiJodHRwczpcL1wvcmluY29uZGVtYXJpbm9zLmFsbXVuZWNhci5mdW5cL3dwLWNvbnRlbnRcL3VwbG9hZHNcLzIwMjVcLzA1XC8yMDIxMTIyNV8yMjI5Mjgtc2NhbGVkLmpwZyIsInNsaWRlc2hvdyI6IjNiNjA2YTYifQ%3D%3D\" href=\"https:\/\/rincondemarinos.almunecar.fun\/wp-content\/uploads\/2025\/05\/20211225_222928-scaled.jpg\"><figure class=\"swiper-slide-inner\"><img decoding=\"async\" class=\"swiper-slide-image\" src=\"https:\/\/rincondemarinos.almunecar.fun\/wp-content\/uploads\/2025\/05\/20211225_222928-150x150.jpg\" alt=\"20211225_222928\" \/><\/figure><\/a><\/div><div class=\"swiper-slide\" role=\"group\" aria-roledescription=\"slide\" aria-label=\"3 de 16\"><a data-elementor-open-lightbox=\"yes\" data-elementor-lightbox-slideshow=\"3b606a6\" data-elementor-lightbox-title=\"20210921_211126\" data-e-action-hash=\"#elementor-action%3Aaction%3Dlightbox%26settings%3DeyJpZCI6NTg4LCJ1cmwiOiJodHRwczpcL1wvcmluY29uZGVtYXJpbm9zLmFsbXVuZWNhci5mdW5cL3dwLWNvbnRlbnRcL3VwbG9hZHNcLzIwMjVcLzA1XC8yMDIxMDkyMV8yMTExMjYtc2NhbGVkLmpwZyIsInNsaWRlc2hvdyI6IjNiNjA2YTYifQ%3D%3D\" href=\"https:\/\/rincondemarinos.almunecar.fun\/wp-content\/uploads\/2025\/05\/20210921_211126-scaled.jpg\"><figure class=\"swiper-slide-inner\"><img decoding=\"async\" class=\"swiper-slide-image\" src=\"https:\/\/rincondemarinos.almunecar.fun\/wp-content\/uploads\/2025\/05\/20210921_211126-150x150.jpg\" alt=\"20210921_211126\" \/><\/figure><\/a><\/div><div class=\"swiper-slide\" role=\"group\" aria-roledescription=\"slide\" aria-label=\"4 de 16\"><a data-elementor-open-lightbox=\"yes\" data-elementor-lightbox-slideshow=\"3b606a6\" data-elementor-lightbox-title=\"20210820_204636\" data-e-action-hash=\"#elementor-action%3Aaction%3Dlightbox%26settings%3DeyJpZCI6NTg3LCJ1cmwiOiJodHRwczpcL1wvcmluY29uZGVtYXJpbm9zLmFsbXVuZWNhci5mdW5cL3dwLWNvbnRlbnRcL3VwbG9hZHNcLzIwMjVcLzA1XC8yMDIxMDgyMF8yMDQ2MzYuanBnIiwic2xpZGVzaG93IjoiM2I2MDZhNiJ9\" href=\"https:\/\/rincondemarinos.almunecar.fun\/wp-content\/uploads\/2025\/05\/20210820_204636.jpg\"><figure class=\"swiper-slide-inner\"><img decoding=\"async\" class=\"swiper-slide-image\" src=\"https:\/\/rincondemarinos.almunecar.fun\/wp-content\/uploads\/2025\/05\/20210820_204636-150x150.jpg\" alt=\"20210820_204636\" \/><\/figure><\/a><\/div><div class=\"swiper-slide\" role=\"group\" aria-roledescription=\"slide\" aria-label=\"5 de 16\"><a data-elementor-open-lightbox=\"yes\" data-elementor-lightbox-slideshow=\"3b606a6\" data-elementor-lightbox-title=\"20210723_233922\" data-e-action-hash=\"#elementor-action%3Aaction%3Dlightbox%26settings%3DeyJpZCI6NTg2LCJ1cmwiOiJodHRwczpcL1wvcmluY29uZGVtYXJpbm9zLmFsbXVuZWNhci5mdW5cL3dwLWNvbnRlbnRcL3VwbG9hZHNcLzIwMjVcLzA1XC8yMDIxMDcyM18yMzM5MjItc2NhbGVkLmpwZyIsInNsaWRlc2hvdyI6IjNiNjA2YTYifQ%3D%3D\" href=\"https:\/\/rincondemarinos.almunecar.fun\/wp-content\/uploads\/2025\/05\/20210723_233922-scaled.jpg\"><figure class=\"swiper-slide-inner\"><img decoding=\"async\" class=\"swiper-slide-image\" src=\"https:\/\/rincondemarinos.almunecar.fun\/wp-content\/uploads\/2025\/05\/20210723_233922-150x150.jpg\" alt=\"20210723_233922\" \/><\/figure><\/a><\/div><div class=\"swiper-slide\" role=\"group\" aria-roledescription=\"slide\" aria-label=\"6 de 16\"><a data-elementor-open-lightbox=\"yes\" data-elementor-lightbox-slideshow=\"3b606a6\" data-elementor-lightbox-title=\"20210723_220233\" data-e-action-hash=\"#elementor-action%3Aaction%3Dlightbox%26settings%3DeyJpZCI6NTg1LCJ1cmwiOiJodHRwczpcL1wvcmluY29uZGVtYXJpbm9zLmFsbXVuZWNhci5mdW5cL3dwLWNvbnRlbnRcL3VwbG9hZHNcLzIwMjVcLzA1XC8yMDIxMDcyM18yMjAyMzMtc2NhbGVkLmpwZyIsInNsaWRlc2hvdyI6IjNiNjA2YTYifQ%3D%3D\" href=\"https:\/\/rincondemarinos.almunecar.fun\/wp-content\/uploads\/2025\/05\/20210723_220233-scaled.jpg\"><figure class=\"swiper-slide-inner\"><img decoding=\"async\" class=\"swiper-slide-image\" src=\"https:\/\/rincondemarinos.almunecar.fun\/wp-content\/uploads\/2025\/05\/20210723_220233-150x150.jpg\" alt=\"20210723_220233\" \/><\/figure><\/a><\/div><div class=\"swiper-slide\" role=\"group\" aria-roledescription=\"slide\" aria-label=\"7 de 16\"><a data-elementor-open-lightbox=\"yes\" data-elementor-lightbox-slideshow=\"3b606a6\" data-elementor-lightbox-title=\"20210220_173643\" data-e-action-hash=\"#elementor-action%3Aaction%3Dlightbox%26settings%3DeyJpZCI6NTg0LCJ1cmwiOiJodHRwczpcL1wvcmluY29uZGVtYXJpbm9zLmFsbXVuZWNhci5mdW5cL3dwLWNvbnRlbnRcL3VwbG9hZHNcLzIwMjVcLzA1XC8yMDIxMDIyMF8xNzM2NDMtc2NhbGVkLmpwZyIsInNsaWRlc2hvdyI6IjNiNjA2YTYifQ%3D%3D\" href=\"https:\/\/rincondemarinos.almunecar.fun\/wp-content\/uploads\/2025\/05\/20210220_173643-scaled.jpg\"><figure class=\"swiper-slide-inner\"><img decoding=\"async\" class=\"swiper-slide-image\" src=\"https:\/\/rincondemarinos.almunecar.fun\/wp-content\/uploads\/2025\/05\/20210220_173643-150x150.jpg\" alt=\"20210220_173643\" \/><\/figure><\/a><\/div><div class=\"swiper-slide\" role=\"group\" aria-roledescription=\"slide\" aria-label=\"8 de 16\"><a data-elementor-open-lightbox=\"yes\" data-elementor-lightbox-slideshow=\"3b606a6\" data-elementor-lightbox-title=\"20200814_182941\" data-e-action-hash=\"#elementor-action%3Aaction%3Dlightbox%26settings%3DeyJpZCI6NTgzLCJ1cmwiOiJodHRwczpcL1wvcmluY29uZGVtYXJpbm9zLmFsbXVuZWNhci5mdW5cL3dwLWNvbnRlbnRcL3VwbG9hZHNcLzIwMjVcLzA1XC8yMDIwMDgxNF8xODI5NDEuanBnIiwic2xpZGVzaG93IjoiM2I2MDZhNiJ9\" href=\"https:\/\/rincondemarinos.almunecar.fun\/wp-content\/uploads\/2025\/05\/20200814_182941.jpg\"><figure class=\"swiper-slide-inner\"><img decoding=\"async\" class=\"swiper-slide-image\" src=\"https:\/\/rincondemarinos.almunecar.fun\/wp-content\/uploads\/2025\/05\/20200814_182941-150x150.jpg\" alt=\"20200814_182941\" \/><\/figure><\/a><\/div><div class=\"swiper-slide\" role=\"group\" aria-roledescription=\"slide\" aria-label=\"9 de 16\"><a data-elementor-open-lightbox=\"yes\" data-elementor-lightbox-slideshow=\"3b606a6\" data-elementor-lightbox-title=\"20250329_181300\" data-e-action-hash=\"#elementor-action%3Aaction%3Dlightbox%26settings%3DeyJpZCI6NTgyLCJ1cmwiOiJodHRwczpcL1wvcmluY29uZGVtYXJpbm9zLmFsbXVuZWNhci5mdW5cL3dwLWNvbnRlbnRcL3VwbG9hZHNcLzIwMjVcLzA1XC8yMDI1MDMyOV8xODEzMDAuanBnIiwic2xpZGVzaG93IjoiM2I2MDZhNiJ9\" href=\"https:\/\/rincondemarinos.almunecar.fun\/wp-content\/uploads\/2025\/05\/20250329_181300.jpg\"><figure class=\"swiper-slide-inner\"><img decoding=\"async\" class=\"swiper-slide-image\" src=\"https:\/\/rincondemarinos.almunecar.fun\/wp-content\/uploads\/2025\/05\/20250329_181300-150x150.jpg\" alt=\"20250329_181300\" \/><\/figure><\/a><\/div><div class=\"swiper-slide\" role=\"group\" aria-roledescription=\"slide\" aria-label=\"10 de 16\"><a data-elementor-open-lightbox=\"yes\" data-elementor-lightbox-slideshow=\"3b606a6\" data-elementor-lightbox-title=\"20240312_123231\" data-e-action-hash=\"#elementor-action%3Aaction%3Dlightbox%26settings%3DeyJpZCI6NTgxLCJ1cmwiOiJodHRwczpcL1wvcmluY29uZGVtYXJpbm9zLmFsbXVuZWNhci5mdW5cL3dwLWNvbnRlbnRcL3VwbG9hZHNcLzIwMjVcLzA1XC8yMDI0MDMxMl8xMjMyMzEtc2NhbGVkLmpwZyIsInNsaWRlc2hvdyI6IjNiNjA2YTYifQ%3D%3D\" href=\"https:\/\/rincondemarinos.almunecar.fun\/wp-content\/uploads\/2025\/05\/20240312_123231-scaled.jpg\"><figure class=\"swiper-slide-inner\"><img decoding=\"async\" class=\"swiper-slide-image\" src=\"https:\/\/rincondemarinos.almunecar.fun\/wp-content\/uploads\/2025\/05\/20240312_123231-150x150.jpg\" alt=\"20240312_123231\" \/><\/figure><\/a><\/div><div class=\"swiper-slide\" role=\"group\" aria-roledescription=\"slide\" aria-label=\"11 de 16\"><a data-elementor-open-lightbox=\"yes\" data-elementor-lightbox-slideshow=\"3b606a6\" data-elementor-lightbox-title=\"20230917_221029\" data-e-action-hash=\"#elementor-action%3Aaction%3Dlightbox%26settings%3DeyJpZCI6NTgwLCJ1cmwiOiJodHRwczpcL1wvcmluY29uZGVtYXJpbm9zLmFsbXVuZWNhci5mdW5cL3dwLWNvbnRlbnRcL3VwbG9hZHNcLzIwMjVcLzA1XC8yMDIzMDkxN18yMjEwMjktc2NhbGVkLmpwZyIsInNsaWRlc2hvdyI6IjNiNjA2YTYifQ%3D%3D\" href=\"https:\/\/rincondemarinos.almunecar.fun\/wp-content\/uploads\/2025\/05\/20230917_221029-scaled.jpg\"><figure class=\"swiper-slide-inner\"><img decoding=\"async\" class=\"swiper-slide-image\" src=\"https:\/\/rincondemarinos.almunecar.fun\/wp-content\/uploads\/2025\/05\/20230917_221029-150x150.jpg\" alt=\"20230917_221029\" \/><\/figure><\/a><\/div><div class=\"swiper-slide\" role=\"group\" aria-roledescription=\"slide\" aria-label=\"12 de 16\"><a data-elementor-open-lightbox=\"yes\" data-elementor-lightbox-slideshow=\"3b606a6\" data-elementor-lightbox-title=\"20230716_221133\" data-e-action-hash=\"#elementor-action%3Aaction%3Dlightbox%26settings%3DeyJpZCI6NTc5LCJ1cmwiOiJodHRwczpcL1wvcmluY29uZGVtYXJpbm9zLmFsbXVuZWNhci5mdW5cL3dwLWNvbnRlbnRcL3VwbG9hZHNcLzIwMjVcLzA1XC8yMDIzMDcxNl8yMjExMzMuanBnIiwic2xpZGVzaG93IjoiM2I2MDZhNiJ9\" href=\"https:\/\/rincondemarinos.almunecar.fun\/wp-content\/uploads\/2025\/05\/20230716_221133.jpg\"><figure class=\"swiper-slide-inner\"><img decoding=\"async\" class=\"swiper-slide-image\" src=\"https:\/\/rincondemarinos.almunecar.fun\/wp-content\/uploads\/2025\/05\/20230716_221133-150x150.jpg\" alt=\"20230716_221133\" \/><\/figure><\/a><\/div><div class=\"swiper-slide\" role=\"group\" aria-roledescription=\"slide\" aria-label=\"13 de 16\"><a data-elementor-open-lightbox=\"yes\" data-elementor-lightbox-slideshow=\"3b606a6\" data-elementor-lightbox-title=\"20230406_215759\" data-e-action-hash=\"#elementor-action%3Aaction%3Dlightbox%26settings%3DeyJpZCI6NTc4LCJ1cmwiOiJodHRwczpcL1wvcmluY29uZGVtYXJpbm9zLmFsbXVuZWNhci5mdW5cL3dwLWNvbnRlbnRcL3VwbG9hZHNcLzIwMjVcLzA1XC8yMDIzMDQwNl8yMTU3NTkuanBnIiwic2xpZGVzaG93IjoiM2I2MDZhNiJ9\" href=\"https:\/\/rincondemarinos.almunecar.fun\/wp-content\/uploads\/2025\/05\/20230406_215759.jpg\"><figure class=\"swiper-slide-inner\"><img decoding=\"async\" class=\"swiper-slide-image\" src=\"https:\/\/rincondemarinos.almunecar.fun\/wp-content\/uploads\/2025\/05\/20230406_215759-150x150.jpg\" alt=\"20230406_215759\" \/><\/figure><\/a><\/div><div class=\"swiper-slide\" role=\"group\" aria-roledescription=\"slide\" aria-label=\"14 de 16\"><a data-elementor-open-lightbox=\"yes\" data-elementor-lightbox-slideshow=\"3b606a6\" data-elementor-lightbox-title=\"20221224_200758\" data-e-action-hash=\"#elementor-action%3Aaction%3Dlightbox%26settings%3DeyJpZCI6NTc3LCJ1cmwiOiJodHRwczpcL1wvcmluY29uZGVtYXJpbm9zLmFsbXVuZWNhci5mdW5cL3dwLWNvbnRlbnRcL3VwbG9hZHNcLzIwMjVcLzA1XC8yMDIyMTIyNF8yMDA3NTguanBnIiwic2xpZGVzaG93IjoiM2I2MDZhNiJ9\" href=\"https:\/\/rincondemarinos.almunecar.fun\/wp-content\/uploads\/2025\/05\/20221224_200758.jpg\"><figure class=\"swiper-slide-inner\"><img decoding=\"async\" class=\"swiper-slide-image\" src=\"https:\/\/rincondemarinos.almunecar.fun\/wp-content\/uploads\/2025\/05\/20221224_200758-150x150.jpg\" alt=\"20221224_200758\" \/><\/figure><\/a><\/div><div class=\"swiper-slide\" role=\"group\" aria-roledescription=\"slide\" aria-label=\"15 de 16\"><a data-elementor-open-lightbox=\"yes\" data-elementor-lightbox-slideshow=\"3b606a6\" data-elementor-lightbox-title=\"20220516_193412\" data-e-action-hash=\"#elementor-action%3Aaction%3Dlightbox%26settings%3DeyJpZCI6NTc2LCJ1cmwiOiJodHRwczpcL1wvcmluY29uZGVtYXJpbm9zLmFsbXVuZWNhci5mdW5cL3dwLWNvbnRlbnRcL3VwbG9hZHNcLzIwMjVcLzA1XC8yMDIyMDUxNl8xOTM0MTItcm90YXRlZC5qcGciLCJzbGlkZXNob3ciOiIzYjYwNmE2In0%3D\" href=\"https:\/\/rincondemarinos.almunecar.fun\/wp-content\/uploads\/2025\/05\/20220516_193412-rotated.jpg\"><figure class=\"swiper-slide-inner\"><img decoding=\"async\" class=\"swiper-slide-image\" src=\"https:\/\/rincondemarinos.almunecar.fun\/wp-content\/uploads\/2025\/05\/20220516_193412-150x150.jpg\" alt=\"20220516_193412\" \/><\/figure><\/a><\/div><div class=\"swiper-slide\" role=\"group\" aria-roledescription=\"slide\" aria-label=\"16 de 16\"><a data-elementor-open-lightbox=\"yes\" data-elementor-lightbox-slideshow=\"3b606a6\" data-elementor-lightbox-title=\"20211230_171500\" data-e-action-hash=\"#elementor-action%3Aaction%3Dlightbox%26settings%3DeyJpZCI6NTc1LCJ1cmwiOiJodHRwczpcL1wvcmluY29uZGVtYXJpbm9zLmFsbXVuZWNhci5mdW5cL3dwLWNvbnRlbnRcL3VwbG9hZHNcLzIwMjVcLzA1XC8yMDIxMTIzMF8xNzE1MDAuanBnIiwic2xpZGVzaG93IjoiM2I2MDZhNiJ9\" href=\"https:\/\/rincondemarinos.almunecar.fun\/wp-content\/uploads\/2025\/05\/20211230_171500.jpg\"><figure class=\"swiper-slide-inner\"><img decoding=\"async\" class=\"swiper-slide-image\" src=\"https:\/\/rincondemarinos.almunecar.fun\/wp-content\/uploads\/2025\/05\/20211230_171500-150x150.jpg\" alt=\"20211230_171500\" \/><\/figure><\/a><\/div>\t\t\t<\/div>\n\t\t\t\t\t\t\t\t\t\t\t\t<div class=\"elementor-swiper-button elementor-swiper-button-prev\" role=\"button\" tabindex=\"0\">\n\t\t\t\t\t\t<svg aria-hidden=\"true\" class=\"e-font-icon-svg e-eicon-chevron-left\" viewBox=\"0 0 1000 1000\" xmlns=\"http:\/\/www.w3.org\/2000\/svg\"><path d=\"M646 125C629 125 613 133 604 142L308 442C296 454 292 471 292 487 292 504 296 521 308 533L604 854C617 867 629 875 646 875 663 875 679 871 692 858 704 846 713 829 713 812 713 796 708 779 692 767L438 487 692 225C700 217 708 204 708 187 708 171 704 154 692 142 675 129 663 125 646 125Z\"><\/path><\/svg>\t\t\t\t\t<\/div>\n\t\t\t\t\t<div class=\"elementor-swiper-button elementor-swiper-button-next\" role=\"button\" tabindex=\"0\">\n\t\t\t\t\t\t<svg aria-hidden=\"true\" class=\"e-font-icon-svg e-eicon-chevron-right\" viewBox=\"0 0 1000 1000\" xmlns=\"http:\/\/www.w3.org\/2000\/svg\"><path d=\"M696 533C708 521 713 504 713 487 713 471 708 454 696 446L400 146C388 133 375 125 354 125 338 125 325 129 313 142 300 154 292 171 292 187 292 204 296 221 308 233L563 492 304 771C292 783 288 800 288 817 288 833 296 850 308 863 321 871 338 875 354 875 371 875 388 867 400 854L696 533Z\"><\/path><\/svg>\t\t\t\t\t<\/div>\n\t\t\t\t\n\t\t\t\t\t\t\t\t\t<div class=\"swiper-pagination\"><\/div>\n\t\t\t\t\t\t\t\t\t<\/div>\n\t\t\t\t\t\t<\/div>\n\t\t\t\t<\/div>\n\t\t\t\t\t<\/div>\n\t\t\t\t<\/div>\n\t\t\t\t<\/div>\n\t\t","protected":false},"excerpt":{"rendered":"<p>Descubre Almu\u00f1\u00e9car, la joya de la Costa Tropical \u00a1Bienvenido a Almu\u00f1\u00e9car, un pueblo absolutamente impresionante en la hermosa Costa Tropical! Imagina d\u00edas disfrutando del sol espa\u00f1ol en playas con las cristalinas aguas del Mediterr\u00e1neo. Con una poblaci\u00f3n de poco menos de 30 mil personas Almu\u00f1\u00e9car&nbsp; es la capital tur\u00edstica de la Costa Tropical. La ciudad [&hellip;]<\/p>\n","protected":false},"author":1,"featured_media":0,"parent":0,"menu_order":0,"comment_status":"closed","ping_status":"closed","template":"","meta":{"footnotes":""},"class_list":["post-1405","page","type-page","status-publish","hentry"],"_links":{"self":[{"href":"https:\/\/rincondemarinos.almunecar.fun\/index.php?rest_route=\/wp\/v2\/pages\/1405","targetHints":{"allow":["GET"]}}],"collection":[{"href":"https:\/\/rincondemarinos.almunecar.fun\/index.php?rest_route=\/wp\/v2\/pages"}],"about":[{"href":"https:\/\/rincondemarinos.almunecar.fun\/index.php?rest_route=\/wp\/v2\/types\/page"}],"author":[{"embeddable":true,"href":"https:\/\/rincondemarinos.almunecar.fun\/index.php?rest_route=\/wp\/v2\/users\/1"}],"replies":[{"embeddable":true,"href":"https:\/\/rincondemarinos.almunecar.fun\/index.php?rest_route=%2Fwp%2Fv2%2Fcomments&post=1405"}],"version-history":[{"count":8,"href":"https:\/\/rincondemarinos.almunecar.fun\/index.php?rest_route=\/wp\/v2\/pages\/1405\/revisions"}],"predecessor-version":[{"id":1480,"href":"https:\/\/rincondemarinos.almunecar.fun\/index.php?rest_route=\/wp\/v2\/pages\/1405\/revisions\/1480"}],"wp:attachment":[{"href":"https:\/\/rincondemarinos.almunecar.fun\/index.php?rest_route=%2Fwp%2Fv2%2Fmedia&parent=1405"}],"curies":[{"name":"wp","href":"https:\/\/api.w.org\/{rel}","templated":true}]}}