{"id":1421,"date":"2025-09-23T17:15:46","date_gmt":"2025-09-23T15:15:46","guid":{"rendered":"https:\/\/rincondemarinos.almunecar.fun\/?page_id=1421"},"modified":"2025-09-23T18:29:35","modified_gmt":"2025-09-23T16:29:35","slug":"contact","status":"publish","type":"page","link":"https:\/\/rincondemarinos.almunecar.fun\/?page_id=1421&lang=es","title":{"rendered":"Contact &#8211; ES"},"content":{"rendered":"\t\t<div data-elementor-type=\"wp-page\" data-elementor-id=\"1421\" class=\"elementor elementor-1421\" data-elementor-post-type=\"page\">\n\t\t\t\t<div class=\"elementor-element elementor-element-289054f e-flex e-con-boxed e-con e-parent\" data-id=\"289054f\" data-element_type=\"container\" data-e-type=\"container\">\n\t\t\t\t\t<div class=\"e-con-inner\">\n\t\t\t\t<div class=\"elementor-element elementor-element-197073f elementor-widget__width-initial elementor-widget elementor-widget-text-editor\" data-id=\"197073f\" data-element_type=\"widget\" data-e-type=\"widget\" data-widget_type=\"text-editor.default\">\n\t\t\t\t<div class=\"elementor-widget-container\">\n\t\t\t\t\t\t\t\t\t<p>Para reservas, por favor cont\u00e1ctenos Lunes a viernes: 12:00 a 20:00 S\u00e1bados y domingos: 12:00 a 18:00<\/p><p><!-- \/wp:paragraph --><!-- wp:paragraph --><\/p><p><!-- \/wp:paragraph --><!-- wp:contact-form-7\/contact-form-selector {\"id\":24,\"hash\":\"6191f9d\",\"title\":\"Contact form 1\"} --><\/p><p><!-- \/wp:contact-form-7\/contact-form-selector --><\/p>\t\t\t\t\t\t\t\t<\/div>\n\t\t\t\t<\/div>\n\t\t\t\t\t<\/div>\n\t\t\t\t<\/div>\n\t\t<div class=\"elementor-element elementor-element-36ce418 e-grid e-con-boxed e-con e-parent\" data-id=\"36ce418\" data-element_type=\"container\" data-e-type=\"container\" data-settings=\"{&quot;motion_fx_motion_fx_scrolling&quot;:&quot;yes&quot;,&quot;motion_fx_devices&quot;:[&quot;desktop&quot;,&quot;tablet&quot;,&quot;mobile&quot;]}\">\n\t\t\t\t\t<div class=\"e-con-inner\">\n\t\t\t\t<div class=\"elementor-element elementor-element-b46465b elementor-widget elementor-widget-text-editor\" data-id=\"b46465b\" data-element_type=\"widget\" data-e-type=\"widget\" data-settings=\"{&quot;motion_fx_motion_fx_scrolling&quot;:&quot;yes&quot;,&quot;motion_fx_devices&quot;:[&quot;desktop&quot;,&quot;tablet&quot;,&quot;mobile&quot;]}\" data-widget_type=\"text-editor.default\">\n\t\t\t\t<div class=\"elementor-widget-container\">\n\t\t\t\t\t\t\t\t\t<p><span style=\"font-weight: bolder;\">Aleksandra Narkowicz-Pala<\/span> (polaco, ingl\u00e9s, espa\u00f1ol)<br \/>tel.\u00a0<a style=\"background-color: #ffffff;\" href=\"https:\/\/wa.me\/+34692198197?text=Hello i'm interested Rincon de Marinos\" data-wplink-url-error=\"true\" data-wplink-edit=\"true\">+34 692 198 197<\/a>\u00a0\u00a0<br \/>tel.\u00a0<a style=\"background-color: #ffffff;\" href=\"https:\/\/wa.me\/+48602136289?text=Hello i'm interested Rincon de Marinos\" target=\"_blank\" rel=\"noopener\" data-wplink-url-error=\"true\">+48 602 136 289<\/a>\u00a0<br \/>email:\u00a0<a style=\"background-color: #ffffff;\" href=\"mailto:36amarinos@gmail.com\">36amarinos@gmail.com<\/a><\/p>\t\t\t\t\t\t\t\t<\/div>\n\t\t\t\t<\/div>\n\t\t\t\t<div class=\"elementor-element elementor-element-9d5bdde elementor-widget elementor-widget-text-editor\" data-id=\"9d5bdde\" data-element_type=\"widget\" data-e-type=\"widget\" data-widget_type=\"text-editor.default\">\n\t\t\t\t<div class=\"elementor-widget-container\">\n\t\t\t\t\t\t\t\t\t<p><span style=\"font-weight: bolder; font-size: 1rem;\">Jacek Pala<\/span><span style=\"font-size: 1rem;\"> (polaco, ingl\u00e9s)<br \/><\/span><span style=\"font-size: 1rem;\">tel.\u00a0<\/span><a style=\"background-color: #ffffff;\" href=\"https:\/\/wa.me\/+48602315947?text=Hello i'm interested Rincon de Marinos\" target=\"_blank\" rel=\"noopener\" data-wplink-url-error=\"true\">+48 602 315 947<\/a><span style=\"font-size: 1rem;\"><br \/><\/span><span style=\"font-size: 1rem;\">email:\u00a0<\/span><a style=\"background-color: #ffffff; font-size: 1rem;\" href=\"mailto:36amarinos@gmail.com\">36amarinos@gmail.com<\/a><\/p>\t\t\t\t\t\t\t\t<\/div>\n\t\t\t\t<\/div>\n\t\t\t\t\t<\/div>\n\t\t\t\t<\/div>\n\t\t<div class=\"elementor-element elementor-element-c0d9330 e-flex e-con-boxed e-con e-parent\" data-id=\"c0d9330\" data-element_type=\"container\" data-e-type=\"container\">\n\t\t\t\t\t<div class=\"e-con-inner\">\n\t\t\t\t<div class=\"elementor-element elementor-element-97c20e2 elementor-widget elementor-widget-text-editor\" data-id=\"97c20e2\" data-element_type=\"widget\" data-e-type=\"widget\" data-widget_type=\"text-editor.default\">\n\t\t\t\t<div class=\"elementor-widget-container\">\n\t\t\t\t\t\t\t\t\t<p><span style=\"font-size: 1rem;\">\n<div class=\"wpcf7 no-js\" id=\"wpcf7-f24-o1\" lang=\"en-GB\" dir=\"ltr\" data-wpcf7-id=\"24\">\n<div class=\"screen-reader-response\"><p role=\"status\" aria-live=\"polite\" aria-atomic=\"true\"><\/p> <ul><\/ul><\/div>\n<form action=\"\/index.php?rest_route=%2Fwp%2Fv2%2Fpages%2F1421#wpcf7-f24-o1\" method=\"post\" class=\"wpcf7-form init\" aria-label=\"Contact form\" novalidate=\"novalidate\" data-status=\"init\">\n<fieldset class=\"hidden-fields-container\"><input type=\"hidden\" name=\"_wpcf7\" value=\"24\" \/><input type=\"hidden\" name=\"_wpcf7_version\" value=\"6.1.5\" \/><input type=\"hidden\" name=\"_wpcf7_locale\" value=\"en_GB\" \/><input type=\"hidden\" name=\"_wpcf7_unit_tag\" value=\"wpcf7-f24-o1\" \/><input type=\"hidden\" name=\"_wpcf7_container_post\" value=\"0\" \/><input type=\"hidden\" name=\"_wpcf7_posted_data_hash\" value=\"\" \/>\n<\/fieldset>\n<p><label> Your name<br \/>\n<span class=\"wpcf7-form-control-wrap\" data-name=\"your-name\"><input size=\"40\" maxlength=\"400\" class=\"wpcf7-form-control wpcf7-text wpcf7-validates-as-required\" autocomplete=\"name\" aria-required=\"true\" aria-invalid=\"false\" value=\"\" type=\"text\" name=\"your-name\" \/><\/span> <\/label>\n<\/p>\n<p><label> Your email<br \/>\n<span class=\"wpcf7-form-control-wrap\" data-name=\"your-email\"><input size=\"40\" maxlength=\"400\" class=\"wpcf7-form-control wpcf7-email wpcf7-validates-as-required wpcf7-text wpcf7-validates-as-email\" autocomplete=\"email\" aria-required=\"true\" aria-invalid=\"false\" value=\"\" type=\"email\" name=\"your-email\" \/><\/span> <\/label>\n<\/p>\n<p><label> Subject<br \/>\n<span class=\"wpcf7-form-control-wrap\" data-name=\"your-subject\"><input size=\"40\" maxlength=\"400\" class=\"wpcf7-form-control wpcf7-text wpcf7-validates-as-required\" aria-required=\"true\" aria-invalid=\"false\" value=\"\" type=\"text\" name=\"your-subject\" \/><\/span> <\/label>\n<\/p>\n<p><label> Your message (optional)<br \/>\n<span class=\"wpcf7-form-control-wrap\" data-name=\"your-message\"><textarea cols=\"40\" rows=\"10\" maxlength=\"2000\" class=\"wpcf7-form-control wpcf7-textarea\" aria-invalid=\"false\" name=\"your-message\"><\/textarea><\/span> <\/label>\n<\/p>\n<p><input class=\"wpcf7-form-control wpcf7-submit has-spinner\" type=\"submit\" value=\"Submit\" \/>\n<\/p><div class=\"wpcf7-response-output\" aria-hidden=\"true\"><\/div>\n<\/form>\n<\/div>\n<\/span><\/p>\t\t\t\t\t\t\t\t<\/div>\n\t\t\t\t<\/div>\n\t\t\t\t\t<\/div>\n\t\t\t\t<\/div>\n\t\t\t\t<\/div>\n\t\t","protected":false},"excerpt":{"rendered":"<p>Para reservas, por favor cont\u00e1ctenos Lunes a viernes: 12:00 a 20:00 S\u00e1bados y domingos: 12:00 a 18:00 Aleksandra Narkowicz-Pala (polaco, ingl\u00e9s, espa\u00f1ol)tel.\u00a0+34 692 198 197\u00a0\u00a0tel.\u00a0+48 602 136 289\u00a0email:\u00a036amarinos@gmail.com Jacek Pala (polaco, ingl\u00e9s)tel.\u00a0+48 602 315 947email:\u00a036amarinos@gmail.com<\/p>\n","protected":false},"author":1,"featured_media":0,"parent":0,"menu_order":0,"comment_status":"closed","ping_status":"closed","template":"","meta":{"footnotes":""},"class_list":["post-1421","page","type-page","status-publish","hentry"],"_links":{"self":[{"href":"https:\/\/rincondemarinos.almunecar.fun\/index.php?rest_route=\/wp\/v2\/pages\/1421","targetHints":{"allow":["GET"]}}],"collection":[{"href":"https:\/\/rincondemarinos.almunecar.fun\/index.php?rest_route=\/wp\/v2\/pages"}],"about":[{"href":"https:\/\/rincondemarinos.almunecar.fun\/index.php?rest_route=\/wp\/v2\/types\/page"}],"author":[{"embeddable":true,"href":"https:\/\/rincondemarinos.almunecar.fun\/index.php?rest_route=\/wp\/v2\/users\/1"}],"replies":[{"embeddable":true,"href":"https:\/\/rincondemarinos.almunecar.fun\/index.php?rest_route=%2Fwp%2Fv2%2Fcomments&post=1421"}],"version-history":[{"count":5,"href":"https:\/\/rincondemarinos.almunecar.fun\/index.php?rest_route=\/wp\/v2\/pages\/1421\/revisions"}],"predecessor-version":[{"id":1487,"href":"https:\/\/rincondemarinos.almunecar.fun\/index.php?rest_route=\/wp\/v2\/pages\/1421\/revisions\/1487"}],"wp:attachment":[{"href":"https:\/\/rincondemarinos.almunecar.fun\/index.php?rest_route=%2Fwp%2Fv2%2Fmedia&parent=1421"}],"curies":[{"name":"wp","href":"https:\/\/api.w.org\/{rel}","templated":true}]}}