{"id":1437,"date":"2025-09-23T17:28:56","date_gmt":"2025-09-23T15:28:56","guid":{"rendered":"https:\/\/rincondemarinos.almunecar.fun\/?page_id=1437"},"modified":"2025-09-23T18:32:53","modified_gmt":"2025-09-23T16:32:53","slug":"terms-and-conditions-of-stay","status":"publish","type":"page","link":"https:\/\/rincondemarinos.almunecar.fun\/?page_id=1437&lang=es","title":{"rendered":"Terms and conditions of stay &#8211; ES"},"content":{"rendered":"\t\t<div data-elementor-type=\"wp-page\" data-elementor-id=\"1437\" class=\"elementor elementor-1437\" data-elementor-post-type=\"page\">\n\t\t\t\t<div class=\"elementor-element elementor-element-09f0166 e-flex e-con-boxed e-con e-parent\" data-id=\"09f0166\" data-element_type=\"container\" data-e-type=\"container\">\n\t\t\t\t\t<div class=\"e-con-inner\">\n\t\t\t\t<div class=\"elementor-element elementor-element-01c736c elementor-widget elementor-widget-text-editor\" data-id=\"01c736c\" data-element_type=\"widget\" data-e-type=\"widget\" data-widget_type=\"text-editor.default\">\n\t\t\t\t<div class=\"elementor-widget-container\">\n\t\t\t\t\t\t\t\t\t<h4>NORMAS DE CASA<\/h4><p>Queremos evitar malentendidos y garantizar que usted tenga una estancia agradable, por eso, por favor, lea las rules de nuestro apartamento.<br \/>Las normas en el alquiler vacacional de casa de vacaciones Rinc\u00f3n de Marinos,<br \/>licencia tur\u00edstica VUT\/GR\/13144<\/p><h4>Permanecer<\/h4><p>1. El registro de entrada comienza a las 16:00 h del d\u00eda de llegada y finaliza a las 12:00 h del \u00faltimo d\u00eda de estancia. Es posible llegar antes o salir despu\u00e9s de lo habitual previa solicitud, siempre que sea posible.<br \/>2. Se debe realizar el pago por adelantado para la estancia completa y dar el consentimiento para transferir los datos personales de los hu\u00e9spedes que se comunicar\u00e1n al Ministerio del Interior espa\u00f1ol requerido por la ley espa\u00f1ola Real Decreto 933\/2021).<br \/>3. Las reservas se pueden cancelar sin coste alguno dentro de las 24 horas posteriores a la reserva y hasta tres semanas antes de la llegada. Los hu\u00e9spedes tienen derecho a un reembolso completo dentro de los tres d\u00edas posteriores a la cancelaci\u00f3n.<br \/>4. El pago de una estancia no utilizada no es reembolsable si el hu\u00e9sped la acorta.<br \/>5. Los hu\u00e9spedes no podr\u00e1n subarrendar el apartamento vacacional ni cederlo a terceros, incluso si el per\u00edodo por el que pagaron no ha expirado.<br \/>6. El n\u00famero de personas que pueden alojarse en el apartamento no puede exceder el n\u00famero especificado al realizar la reserva.<br \/>7. Queda prohibido el uso del apartamento para fines distintos al de vivienda, organizaci\u00f3n de eventos, grandes celebraciones o reuniones sociales.<br \/>8. Solo se permite estacionar en la plaza n.\u00b0 36 del apartamento, en la galer\u00eda bajo la terraza. Est\u00e1 prohibido estacionar en la calle interior.<br \/>9. La piscina compartida est\u00e1 abierta de 10:00 a 15:30 y de 17:00 a 21:00, para adultos hasta medianoche.<br \/>10. Se permite fumar en las terrazas y balcones, en particular por favor no fumar en las habitaciones.<br \/>11. Se admiten mascotas. Por seguridad, le rogamos que traiga un comprobante de vacunaci\u00f3n al d\u00eda. Lamentablente, no se permite pasear perros dentro de la finca.<\/p><h4>Obligaciones del hu\u00e9sped<\/h4><p>12. Los hu\u00e9spedes deben guardar con cuidado las llaves de su apartamento y el mando a distancia de la puerta cochera. La p\u00e9rdida de estas llaves conllevar\u00e1 un cargo de 50 \u20ac y 100 \u20ac, respectivamente.<br \/>13. Los hu\u00e9spedes est\u00e1n obligados a observar los principios de buena vecindad y a no perturbar la tranquilidad de los dem\u00e1s residentes.<br \/>14. El toque de queda nocturno es de 23:00 a 8:00. El silencio de la siesta es de 14:00 a 16:00. Durante este horario, no se deben utilizar dispositivos que puedan perturbar la tranquilidad y el descanso de los dem\u00e1s residentes ni causar ruido.<br \/>15. Se deben cumplir las normas de seguridad contra incendios en el apartamento. Se proh\u00edben las llamas abiertas, el almacenamiento de explosivos, el uso de linternas, fuegos artificiales y barbacoas.<br \/>16. Cualquier falla en la instalaci\u00f3n o equipo deber\u00e1 ser notificada inmediatamente al propietario.<br \/>17. Los hu\u00e9spedes son responsables de cualquier da\u00f1o causado por su culpa en el apartamento o dentro de la urbanizaci\u00f3n. Los padres son responsables de cualquier da\u00f1o causado por los ni\u00f1os. Los propietarios on responsables de cualquier da\u00f1o causado por sus mascotas. Los hu\u00e9spedes tambi\u00e9n son totalmente responsables de cualquier da\u00f1o causado por otras personas que se alojen en el apartamento con su onsentimiento o conocimiento.<br \/>18. En caso de da\u00f1os causados por los hu\u00e9spedes, est\u00e1n obligados a notificar los<br \/>al propietario y cubrir los gastos de reparaci\u00f3n. No se permite a los hu\u00e9spedes<br \/>realizar reparaciones ni cambios en la casa por s\u00ed mismos.<br \/>19. La violaci\u00f3n de las normas anteriores puede resultar en la terminaci\u00f3n de la estad\u00eda con efecto inmediato sin reembolso.<\/p><p>Obligaciones del propietario<\/p><p>20. El Propietario est\u00e1 obligado a garantizar una estancia tranquila. Se asegurar\u00e1 de que la casa vacacional est\u00e9 limpia y de que la ropa de cama y las toallas se cambien antes de la llegada de los hu\u00e9spedes.<br \/>21. El Propietario est\u00e1 obligado a reaccionar a las observaciones e inquietudes sobre los servicios, el funcionamiento de los equipos y la limpieza, tomando medidas para eliminar los defectos y solucionar los problemas lo m\u00e1s r\u00e1pidamente posible.<br \/>22. Durante check-in, el propietario entrega dos juegos de llaves y, si se reserva una plaza de aparcamiento, un mando a distancia para el port\u00f3n. La entrega de llaves y el mando a distancia el d\u00eda de la salida se realizar\u00e1 seg\u00fan lo acordado con el propietario.<br \/>23. El Propietario no se responsabiliza de los da\u00f1os sufridos por los veh\u00edculos de los hu\u00e9spedes ni de los objetos de valor dejados en las habitaciones. Los objetos personales dejados en el apartamento se devolver\u00e1n a la direcci\u00f3n proporcionada por los hu\u00e9spedes, previa solicitud, a su cargo.<br \/>24. El Propietario no ser\u00e1 responsable de las molestias ocasionadas, por ejemplo, por obras de construcci\u00f3n realizadas en la finca donde se ubica la vivienda o en sus alrededores, interrupci\u00f3n del suministro por causas ajenas al arrendador o ruidos procedentes de casas vecinas.<br \/>25. En caso de que los Hu\u00e9spedes perturben significativamente la paz y\/o el principio de buenas relaciones vecinales y no cumplan con las normas sociales generalmente aplicables, el Propietario puede rescindir la estancia de los Hu\u00e9spedes y no est\u00e1 obligado a reembolsar la tarifa por el per\u00edodo no utilizado.<\/p><h4>Reglas adicionales<\/h4><p>26. En lo no regulado, se aplicar\u00e1n las normas pertinentes del Derecho Civil espa\u00f1ol.<br \/>27. El tribunal competente para cualquier controversia derivada de estas normas ser\u00e1 el tribunal espa\u00f1ol competente.<\/p><p><strong>Desde ya muchas gracias por cumplir con esta normativa.<\/strong><br \/><strong>Saludos &#8211; Aleksandra Narkowicz Pala<\/strong><\/p>\t\t\t\t\t\t\t\t<\/div>\n\t\t\t\t<\/div>\n\t\t\t\t\t<\/div>\n\t\t\t\t<\/div>\n\t\t\t\t<\/div>\n\t\t","protected":false},"excerpt":{"rendered":"<p>NORMAS DE CASA Queremos evitar malentendidos y garantizar que usted tenga una estancia agradable, por eso, por favor, lea las rules de nuestro apartamento.Las normas en el alquiler vacacional de casa de vacaciones Rinc\u00f3n de Marinos,licencia tur\u00edstica VUT\/GR\/13144 Permanecer 1. El registro de entrada comienza a las 16:00 h del d\u00eda de llegada y finaliza [&hellip;]<\/p>\n","protected":false},"author":1,"featured_media":0,"parent":0,"menu_order":0,"comment_status":"closed","ping_status":"closed","template":"","meta":{"footnotes":""},"class_list":["post-1437","page","type-page","status-publish","hentry"],"_links":{"self":[{"href":"https:\/\/rincondemarinos.almunecar.fun\/index.php?rest_route=\/wp\/v2\/pages\/1437","targetHints":{"allow":["GET"]}}],"collection":[{"href":"https:\/\/rincondemarinos.almunecar.fun\/index.php?rest_route=\/wp\/v2\/pages"}],"about":[{"href":"https:\/\/rincondemarinos.almunecar.fun\/index.php?rest_route=\/wp\/v2\/types\/page"}],"author":[{"embeddable":true,"href":"https:\/\/rincondemarinos.almunecar.fun\/index.php?rest_route=\/wp\/v2\/users\/1"}],"replies":[{"embeddable":true,"href":"https:\/\/rincondemarinos.almunecar.fun\/index.php?rest_route=%2Fwp%2Fv2%2Fcomments&post=1437"}],"version-history":[{"count":8,"href":"https:\/\/rincondemarinos.almunecar.fun\/index.php?rest_route=\/wp\/v2\/pages\/1437\/revisions"}],"predecessor-version":[{"id":1498,"href":"https:\/\/rincondemarinos.almunecar.fun\/index.php?rest_route=\/wp\/v2\/pages\/1437\/revisions\/1498"}],"wp:attachment":[{"href":"https:\/\/rincondemarinos.almunecar.fun\/index.php?rest_route=%2Fwp%2Fv2%2Fmedia&parent=1437"}],"curies":[{"name":"wp","href":"https:\/\/api.w.org\/{rel}","templated":true}]}}