{"id":164,"date":"2025-05-13T17:19:34","date_gmt":"2025-05-13T15:19:34","guid":{"rendered":"http:\/\/rincondemarinos.almunecar.fun\/?page_id=164"},"modified":"2025-09-23T18:26:18","modified_gmt":"2025-09-23T16:26:18","slug":"almunecar","status":"publish","type":"page","link":"https:\/\/rincondemarinos.almunecar.fun\/?page_id=164","title":{"rendered":"Almu\u00f1\u00e9car &#8211; PL"},"content":{"rendered":"\t\t<div data-elementor-type=\"wp-page\" data-elementor-id=\"164\" class=\"elementor elementor-164\" data-elementor-post-type=\"page\">\n\t\t\t\t<div class=\"elementor-element elementor-element-d2c6ff6 e-flex e-con-boxed e-con e-parent\" data-id=\"d2c6ff6\" data-element_type=\"container\" data-e-type=\"container\">\n\t\t\t\t\t<div class=\"e-con-inner\">\n\t\t\t\t<div class=\"elementor-element elementor-element-5cec0c92 elementor-widget elementor-widget-text-editor\" data-id=\"5cec0c92\" data-element_type=\"widget\" data-e-type=\"widget\" data-widget_type=\"text-editor.default\">\n\t\t\t\t<div class=\"elementor-widget-container\">\n\t\t\t\t\t\t\t\t\t<p><strong>Odkryj Almu\u00f1\u00e9car \u2013 klejnot Costa Tropical<\/strong><\/p>\n<p>Zapraszamy do Almu\u00f1\u00e9car, absolutnie zachwycaj\u0105cego miasteczka na przepi\u0119knym Costa Tropical! Wyobra\u017a sobie dni wype\u0142nione hiszpa\u0144skim s\u0142o\u0144cem na pla\u017cach obmywanych krystalicznie czystymi wodami Morza \u015ar\u00f3dziemnego.<\/p>\n<p>Niespe\u0142na 30-tysi\u0119czny <strong><a href=\"https:\/\/discoveralmunecar.com\/\">Almu\u00f1\u00e9car<\/a><\/strong> to turystyczna stolica wybrze\u017ca <strong>Costa Tropical<\/strong>. Miasto ma ciekaw\u0105 przesz\u0142o\u015b\u0107 i malownicze krajobrazy. Ma\u0142o kto wie, \u017ce ze swoj\u0105 trwaj\u0105c\u0105 3000 lat histori\u0105 jest najstarszym miastem w hiszpa\u0144skiej cz\u0119\u015bci basenu Morza \u015ar\u00f3dziemnego, o czym przypominaj\u0105 liczne zabytki. Przez ca\u0142y rok kultywuje si\u0119 tutaj historyczne tradycje, organizuje jarmarki, festiwale i lokalne \u015bwi\u0119ta. Na szczeg\u00f3lna uwag\u0119 zas\u0142uguj\u0105 obchody Wielkiego Tygodnia, z charakterystycznymi procesjami \u015bwi\u0105tecznymi. <strong>W Almu\u00f1ecar znajduje si\u0119 wiele znakomitych restauracji, serwuj\u0105cych zar\u00f3wno dania tradycyjne, jak i mi\u0119dzynarodowe. <\/strong>W lokalnej kuchni dominuj\u0105 \u015bwie\u017ce ryby i owoce morza oraz potrawy z wo\u0142owiny.<\/p>\n<p><strong><a href=\"https:\/\/www.turismocostatropical.es\/\">Costa Tropical<\/a><\/strong><\/p>\n<p>Dzi\u0119ki swojemu po\u0142o\u017ceniu mi\u0119dzy morzem a g\u00f3rami Sierra Nevada region ten ma unikalny, subtropikalny mikroklimat przez dwana\u015bcie miesi\u0119cy w roku. Charakteryzuje si\u0119 on wi\u0119ksz\u0105 wilgotno\u015bci\u0105 i\u00a0 ni\u017cszymi temperaturami latem oraz \u0142agodniejszymi, cieplejszymi miesi\u0105cami zimowymi. Umo\u017cliwia upraw\u0119 owoc\u00f3w tropikalnych, kt\u00f3ra stanowi trzon gospodarki rejonu.<\/p>\n<p><strong>\u00a0<\/strong><\/p>\n<p>Zobacz wi\u0119cej:<\/p>\n<p><a href=\"https:\/\/almunecarinfo.com\/\">Almunecar info<\/a><\/p>\n<p><a href=\"https:\/\/discoveralmunecar.com\/\">Discover Almunecar<\/a><\/p>\n<p><a href=\"https:\/\/www.visitalmunecar.es\/\">Almunecar La Herradura Turismo<\/a><\/p>\n<p><!-- \/wp:paragraph --><!-- wp:image {\"id\":270,\"sizeSlug\":\"full\",\"linkDestination\":\"none\"} --><\/p>\n<figure class=\"wp-block-image size-full\"><\/figure>\n<p><!-- \/wp:image --><\/p>\t\t\t\t\t\t\t\t<\/div>\n\t\t\t\t<\/div>\n\t\t\t\t\t<\/div>\n\t\t\t\t<\/div>\n\t\t<div class=\"elementor-element elementor-element-171d31f e-flex e-con-boxed e-con e-parent\" data-id=\"171d31f\" data-element_type=\"container\" data-e-type=\"container\">\n\t\t\t\t\t<div class=\"e-con-inner\">\n\t\t\t\t<div class=\"elementor-element elementor-element-3b606a6 elementor-arrows-position-inside elementor-pagination-position-outside elementor-widget elementor-widget-image-carousel\" data-id=\"3b606a6\" data-element_type=\"widget\" data-e-type=\"widget\" data-settings=\"{&quot;slides_to_show&quot;:&quot;7&quot;,&quot;speed&quot;:200,&quot;navigation&quot;:&quot;both&quot;,&quot;autoplay&quot;:&quot;yes&quot;,&quot;pause_on_hover&quot;:&quot;yes&quot;,&quot;pause_on_interaction&quot;:&quot;yes&quot;,&quot;autoplay_speed&quot;:5000,&quot;infinite&quot;:&quot;yes&quot;}\" data-widget_type=\"image-carousel.default\">\n\t\t\t\t<div class=\"elementor-widget-container\">\n\t\t\t\t\t\t\t<div class=\"elementor-image-carousel-wrapper swiper\" role=\"region\" aria-roledescription=\"carousel\" aria-label=\"Karuzela obrazk\u00f3w\" dir=\"ltr\">\n\t\t\t<div class=\"elementor-image-carousel swiper-wrapper\" aria-live=\"off\">\n\t\t\t\t\t\t\t\t<div class=\"swiper-slide\" role=\"group\" aria-roledescription=\"slide\" aria-label=\"1 z 16\"><a data-elementor-open-lightbox=\"yes\" data-elementor-lightbox-slideshow=\"3b606a6\" data-elementor-lightbox-title=\"20211102_182124\" data-e-action-hash=\"#elementor-action%3Aaction%3Dlightbox%26settings%3DeyJpZCI6NTg5LCJ1cmwiOiJodHRwczpcL1wvcmluY29uZGVtYXJpbm9zLmFsbXVuZWNhci5mdW5cL3dwLWNvbnRlbnRcL3VwbG9hZHNcLzIwMjVcLzA1XC8yMDIxMTEwMl8xODIxMjQtc2NhbGVkLmpwZyIsInNsaWRlc2hvdyI6IjNiNjA2YTYifQ%3D%3D\" href=\"https:\/\/rincondemarinos.almunecar.fun\/wp-content\/uploads\/2025\/05\/20211102_182124-scaled.jpg\"><figure class=\"swiper-slide-inner\"><img decoding=\"async\" class=\"swiper-slide-image\" src=\"https:\/\/rincondemarinos.almunecar.fun\/wp-content\/uploads\/2025\/05\/20211102_182124-150x150.jpg\" alt=\"20211102_182124\" \/><\/figure><\/a><\/div><div class=\"swiper-slide\" role=\"group\" aria-roledescription=\"slide\" aria-label=\"2 z 16\"><a data-elementor-open-lightbox=\"yes\" data-elementor-lightbox-slideshow=\"3b606a6\" data-elementor-lightbox-title=\"20211225_222928\" data-e-action-hash=\"#elementor-action%3Aaction%3Dlightbox%26settings%3DeyJpZCI6NTkwLCJ1cmwiOiJodHRwczpcL1wvcmluY29uZGVtYXJpbm9zLmFsbXVuZWNhci5mdW5cL3dwLWNvbnRlbnRcL3VwbG9hZHNcLzIwMjVcLzA1XC8yMDIxMTIyNV8yMjI5Mjgtc2NhbGVkLmpwZyIsInNsaWRlc2hvdyI6IjNiNjA2YTYifQ%3D%3D\" href=\"https:\/\/rincondemarinos.almunecar.fun\/wp-content\/uploads\/2025\/05\/20211225_222928-scaled.jpg\"><figure class=\"swiper-slide-inner\"><img decoding=\"async\" class=\"swiper-slide-image\" src=\"https:\/\/rincondemarinos.almunecar.fun\/wp-content\/uploads\/2025\/05\/20211225_222928-150x150.jpg\" alt=\"20211225_222928\" \/><\/figure><\/a><\/div><div class=\"swiper-slide\" role=\"group\" aria-roledescription=\"slide\" aria-label=\"3 z 16\"><a data-elementor-open-lightbox=\"yes\" data-elementor-lightbox-slideshow=\"3b606a6\" data-elementor-lightbox-title=\"20210921_211126\" data-e-action-hash=\"#elementor-action%3Aaction%3Dlightbox%26settings%3DeyJpZCI6NTg4LCJ1cmwiOiJodHRwczpcL1wvcmluY29uZGVtYXJpbm9zLmFsbXVuZWNhci5mdW5cL3dwLWNvbnRlbnRcL3VwbG9hZHNcLzIwMjVcLzA1XC8yMDIxMDkyMV8yMTExMjYtc2NhbGVkLmpwZyIsInNsaWRlc2hvdyI6IjNiNjA2YTYifQ%3D%3D\" href=\"https:\/\/rincondemarinos.almunecar.fun\/wp-content\/uploads\/2025\/05\/20210921_211126-scaled.jpg\"><figure class=\"swiper-slide-inner\"><img decoding=\"async\" class=\"swiper-slide-image\" src=\"https:\/\/rincondemarinos.almunecar.fun\/wp-content\/uploads\/2025\/05\/20210921_211126-150x150.jpg\" alt=\"20210921_211126\" \/><\/figure><\/a><\/div><div class=\"swiper-slide\" role=\"group\" aria-roledescription=\"slide\" aria-label=\"4 z 16\"><a data-elementor-open-lightbox=\"yes\" data-elementor-lightbox-slideshow=\"3b606a6\" data-elementor-lightbox-title=\"20210820_204636\" data-e-action-hash=\"#elementor-action%3Aaction%3Dlightbox%26settings%3DeyJpZCI6NTg3LCJ1cmwiOiJodHRwczpcL1wvcmluY29uZGVtYXJpbm9zLmFsbXVuZWNhci5mdW5cL3dwLWNvbnRlbnRcL3VwbG9hZHNcLzIwMjVcLzA1XC8yMDIxMDgyMF8yMDQ2MzYuanBnIiwic2xpZGVzaG93IjoiM2I2MDZhNiJ9\" href=\"https:\/\/rincondemarinos.almunecar.fun\/wp-content\/uploads\/2025\/05\/20210820_204636.jpg\"><figure class=\"swiper-slide-inner\"><img decoding=\"async\" class=\"swiper-slide-image\" src=\"https:\/\/rincondemarinos.almunecar.fun\/wp-content\/uploads\/2025\/05\/20210820_204636-150x150.jpg\" alt=\"20210820_204636\" \/><\/figure><\/a><\/div><div class=\"swiper-slide\" role=\"group\" aria-roledescription=\"slide\" aria-label=\"5 z 16\"><a data-elementor-open-lightbox=\"yes\" data-elementor-lightbox-slideshow=\"3b606a6\" data-elementor-lightbox-title=\"20210723_233922\" data-e-action-hash=\"#elementor-action%3Aaction%3Dlightbox%26settings%3DeyJpZCI6NTg2LCJ1cmwiOiJodHRwczpcL1wvcmluY29uZGVtYXJpbm9zLmFsbXVuZWNhci5mdW5cL3dwLWNvbnRlbnRcL3VwbG9hZHNcLzIwMjVcLzA1XC8yMDIxMDcyM18yMzM5MjItc2NhbGVkLmpwZyIsInNsaWRlc2hvdyI6IjNiNjA2YTYifQ%3D%3D\" href=\"https:\/\/rincondemarinos.almunecar.fun\/wp-content\/uploads\/2025\/05\/20210723_233922-scaled.jpg\"><figure class=\"swiper-slide-inner\"><img decoding=\"async\" class=\"swiper-slide-image\" src=\"https:\/\/rincondemarinos.almunecar.fun\/wp-content\/uploads\/2025\/05\/20210723_233922-150x150.jpg\" alt=\"20210723_233922\" \/><\/figure><\/a><\/div><div class=\"swiper-slide\" role=\"group\" aria-roledescription=\"slide\" aria-label=\"6 z 16\"><a data-elementor-open-lightbox=\"yes\" data-elementor-lightbox-slideshow=\"3b606a6\" data-elementor-lightbox-title=\"20210723_220233\" data-e-action-hash=\"#elementor-action%3Aaction%3Dlightbox%26settings%3DeyJpZCI6NTg1LCJ1cmwiOiJodHRwczpcL1wvcmluY29uZGVtYXJpbm9zLmFsbXVuZWNhci5mdW5cL3dwLWNvbnRlbnRcL3VwbG9hZHNcLzIwMjVcLzA1XC8yMDIxMDcyM18yMjAyMzMtc2NhbGVkLmpwZyIsInNsaWRlc2hvdyI6IjNiNjA2YTYifQ%3D%3D\" href=\"https:\/\/rincondemarinos.almunecar.fun\/wp-content\/uploads\/2025\/05\/20210723_220233-scaled.jpg\"><figure class=\"swiper-slide-inner\"><img decoding=\"async\" class=\"swiper-slide-image\" src=\"https:\/\/rincondemarinos.almunecar.fun\/wp-content\/uploads\/2025\/05\/20210723_220233-150x150.jpg\" alt=\"20210723_220233\" \/><\/figure><\/a><\/div><div class=\"swiper-slide\" role=\"group\" aria-roledescription=\"slide\" aria-label=\"7 z 16\"><a data-elementor-open-lightbox=\"yes\" data-elementor-lightbox-slideshow=\"3b606a6\" data-elementor-lightbox-title=\"20210220_173643\" data-e-action-hash=\"#elementor-action%3Aaction%3Dlightbox%26settings%3DeyJpZCI6NTg0LCJ1cmwiOiJodHRwczpcL1wvcmluY29uZGVtYXJpbm9zLmFsbXVuZWNhci5mdW5cL3dwLWNvbnRlbnRcL3VwbG9hZHNcLzIwMjVcLzA1XC8yMDIxMDIyMF8xNzM2NDMtc2NhbGVkLmpwZyIsInNsaWRlc2hvdyI6IjNiNjA2YTYifQ%3D%3D\" href=\"https:\/\/rincondemarinos.almunecar.fun\/wp-content\/uploads\/2025\/05\/20210220_173643-scaled.jpg\"><figure class=\"swiper-slide-inner\"><img decoding=\"async\" class=\"swiper-slide-image\" src=\"https:\/\/rincondemarinos.almunecar.fun\/wp-content\/uploads\/2025\/05\/20210220_173643-150x150.jpg\" alt=\"20210220_173643\" \/><\/figure><\/a><\/div><div class=\"swiper-slide\" role=\"group\" aria-roledescription=\"slide\" aria-label=\"8 z 16\"><a data-elementor-open-lightbox=\"yes\" data-elementor-lightbox-slideshow=\"3b606a6\" data-elementor-lightbox-title=\"20200814_182941\" data-e-action-hash=\"#elementor-action%3Aaction%3Dlightbox%26settings%3DeyJpZCI6NTgzLCJ1cmwiOiJodHRwczpcL1wvcmluY29uZGVtYXJpbm9zLmFsbXVuZWNhci5mdW5cL3dwLWNvbnRlbnRcL3VwbG9hZHNcLzIwMjVcLzA1XC8yMDIwMDgxNF8xODI5NDEuanBnIiwic2xpZGVzaG93IjoiM2I2MDZhNiJ9\" href=\"https:\/\/rincondemarinos.almunecar.fun\/wp-content\/uploads\/2025\/05\/20200814_182941.jpg\"><figure class=\"swiper-slide-inner\"><img decoding=\"async\" class=\"swiper-slide-image\" src=\"https:\/\/rincondemarinos.almunecar.fun\/wp-content\/uploads\/2025\/05\/20200814_182941-150x150.jpg\" alt=\"20200814_182941\" \/><\/figure><\/a><\/div><div class=\"swiper-slide\" role=\"group\" aria-roledescription=\"slide\" aria-label=\"9 z 16\"><a data-elementor-open-lightbox=\"yes\" data-elementor-lightbox-slideshow=\"3b606a6\" data-elementor-lightbox-title=\"20250329_181300\" data-e-action-hash=\"#elementor-action%3Aaction%3Dlightbox%26settings%3DeyJpZCI6NTgyLCJ1cmwiOiJodHRwczpcL1wvcmluY29uZGVtYXJpbm9zLmFsbXVuZWNhci5mdW5cL3dwLWNvbnRlbnRcL3VwbG9hZHNcLzIwMjVcLzA1XC8yMDI1MDMyOV8xODEzMDAuanBnIiwic2xpZGVzaG93IjoiM2I2MDZhNiJ9\" href=\"https:\/\/rincondemarinos.almunecar.fun\/wp-content\/uploads\/2025\/05\/20250329_181300.jpg\"><figure class=\"swiper-slide-inner\"><img decoding=\"async\" class=\"swiper-slide-image\" src=\"https:\/\/rincondemarinos.almunecar.fun\/wp-content\/uploads\/2025\/05\/20250329_181300-150x150.jpg\" alt=\"20250329_181300\" \/><\/figure><\/a><\/div><div class=\"swiper-slide\" role=\"group\" aria-roledescription=\"slide\" aria-label=\"10 z 16\"><a data-elementor-open-lightbox=\"yes\" data-elementor-lightbox-slideshow=\"3b606a6\" data-elementor-lightbox-title=\"20240312_123231\" data-e-action-hash=\"#elementor-action%3Aaction%3Dlightbox%26settings%3DeyJpZCI6NTgxLCJ1cmwiOiJodHRwczpcL1wvcmluY29uZGVtYXJpbm9zLmFsbXVuZWNhci5mdW5cL3dwLWNvbnRlbnRcL3VwbG9hZHNcLzIwMjVcLzA1XC8yMDI0MDMxMl8xMjMyMzEtc2NhbGVkLmpwZyIsInNsaWRlc2hvdyI6IjNiNjA2YTYifQ%3D%3D\" href=\"https:\/\/rincondemarinos.almunecar.fun\/wp-content\/uploads\/2025\/05\/20240312_123231-scaled.jpg\"><figure class=\"swiper-slide-inner\"><img decoding=\"async\" class=\"swiper-slide-image\" src=\"https:\/\/rincondemarinos.almunecar.fun\/wp-content\/uploads\/2025\/05\/20240312_123231-150x150.jpg\" alt=\"20240312_123231\" \/><\/figure><\/a><\/div><div class=\"swiper-slide\" role=\"group\" aria-roledescription=\"slide\" aria-label=\"11 z 16\"><a data-elementor-open-lightbox=\"yes\" data-elementor-lightbox-slideshow=\"3b606a6\" data-elementor-lightbox-title=\"20230917_221029\" data-e-action-hash=\"#elementor-action%3Aaction%3Dlightbox%26settings%3DeyJpZCI6NTgwLCJ1cmwiOiJodHRwczpcL1wvcmluY29uZGVtYXJpbm9zLmFsbXVuZWNhci5mdW5cL3dwLWNvbnRlbnRcL3VwbG9hZHNcLzIwMjVcLzA1XC8yMDIzMDkxN18yMjEwMjktc2NhbGVkLmpwZyIsInNsaWRlc2hvdyI6IjNiNjA2YTYifQ%3D%3D\" href=\"https:\/\/rincondemarinos.almunecar.fun\/wp-content\/uploads\/2025\/05\/20230917_221029-scaled.jpg\"><figure class=\"swiper-slide-inner\"><img decoding=\"async\" class=\"swiper-slide-image\" src=\"https:\/\/rincondemarinos.almunecar.fun\/wp-content\/uploads\/2025\/05\/20230917_221029-150x150.jpg\" alt=\"20230917_221029\" \/><\/figure><\/a><\/div><div class=\"swiper-slide\" role=\"group\" aria-roledescription=\"slide\" aria-label=\"12 z 16\"><a data-elementor-open-lightbox=\"yes\" data-elementor-lightbox-slideshow=\"3b606a6\" data-elementor-lightbox-title=\"20230716_221133\" data-e-action-hash=\"#elementor-action%3Aaction%3Dlightbox%26settings%3DeyJpZCI6NTc5LCJ1cmwiOiJodHRwczpcL1wvcmluY29uZGVtYXJpbm9zLmFsbXVuZWNhci5mdW5cL3dwLWNvbnRlbnRcL3VwbG9hZHNcLzIwMjVcLzA1XC8yMDIzMDcxNl8yMjExMzMuanBnIiwic2xpZGVzaG93IjoiM2I2MDZhNiJ9\" href=\"https:\/\/rincondemarinos.almunecar.fun\/wp-content\/uploads\/2025\/05\/20230716_221133.jpg\"><figure class=\"swiper-slide-inner\"><img decoding=\"async\" class=\"swiper-slide-image\" src=\"https:\/\/rincondemarinos.almunecar.fun\/wp-content\/uploads\/2025\/05\/20230716_221133-150x150.jpg\" alt=\"20230716_221133\" \/><\/figure><\/a><\/div><div class=\"swiper-slide\" role=\"group\" aria-roledescription=\"slide\" aria-label=\"13 z 16\"><a data-elementor-open-lightbox=\"yes\" data-elementor-lightbox-slideshow=\"3b606a6\" data-elementor-lightbox-title=\"20230406_215759\" data-e-action-hash=\"#elementor-action%3Aaction%3Dlightbox%26settings%3DeyJpZCI6NTc4LCJ1cmwiOiJodHRwczpcL1wvcmluY29uZGVtYXJpbm9zLmFsbXVuZWNhci5mdW5cL3dwLWNvbnRlbnRcL3VwbG9hZHNcLzIwMjVcLzA1XC8yMDIzMDQwNl8yMTU3NTkuanBnIiwic2xpZGVzaG93IjoiM2I2MDZhNiJ9\" href=\"https:\/\/rincondemarinos.almunecar.fun\/wp-content\/uploads\/2025\/05\/20230406_215759.jpg\"><figure class=\"swiper-slide-inner\"><img decoding=\"async\" class=\"swiper-slide-image\" src=\"https:\/\/rincondemarinos.almunecar.fun\/wp-content\/uploads\/2025\/05\/20230406_215759-150x150.jpg\" alt=\"20230406_215759\" \/><\/figure><\/a><\/div><div class=\"swiper-slide\" role=\"group\" aria-roledescription=\"slide\" aria-label=\"14 z 16\"><a data-elementor-open-lightbox=\"yes\" data-elementor-lightbox-slideshow=\"3b606a6\" data-elementor-lightbox-title=\"20221224_200758\" data-e-action-hash=\"#elementor-action%3Aaction%3Dlightbox%26settings%3DeyJpZCI6NTc3LCJ1cmwiOiJodHRwczpcL1wvcmluY29uZGVtYXJpbm9zLmFsbXVuZWNhci5mdW5cL3dwLWNvbnRlbnRcL3VwbG9hZHNcLzIwMjVcLzA1XC8yMDIyMTIyNF8yMDA3NTguanBnIiwic2xpZGVzaG93IjoiM2I2MDZhNiJ9\" href=\"https:\/\/rincondemarinos.almunecar.fun\/wp-content\/uploads\/2025\/05\/20221224_200758.jpg\"><figure class=\"swiper-slide-inner\"><img decoding=\"async\" class=\"swiper-slide-image\" src=\"https:\/\/rincondemarinos.almunecar.fun\/wp-content\/uploads\/2025\/05\/20221224_200758-150x150.jpg\" alt=\"20221224_200758\" \/><\/figure><\/a><\/div><div class=\"swiper-slide\" role=\"group\" aria-roledescription=\"slide\" aria-label=\"15 z 16\"><a data-elementor-open-lightbox=\"yes\" data-elementor-lightbox-slideshow=\"3b606a6\" data-elementor-lightbox-title=\"20220516_193412\" data-e-action-hash=\"#elementor-action%3Aaction%3Dlightbox%26settings%3DeyJpZCI6NTc2LCJ1cmwiOiJodHRwczpcL1wvcmluY29uZGVtYXJpbm9zLmFsbXVuZWNhci5mdW5cL3dwLWNvbnRlbnRcL3VwbG9hZHNcLzIwMjVcLzA1XC8yMDIyMDUxNl8xOTM0MTItcm90YXRlZC5qcGciLCJzbGlkZXNob3ciOiIzYjYwNmE2In0%3D\" href=\"https:\/\/rincondemarinos.almunecar.fun\/wp-content\/uploads\/2025\/05\/20220516_193412-rotated.jpg\"><figure class=\"swiper-slide-inner\"><img decoding=\"async\" class=\"swiper-slide-image\" src=\"https:\/\/rincondemarinos.almunecar.fun\/wp-content\/uploads\/2025\/05\/20220516_193412-150x150.jpg\" alt=\"20220516_193412\" \/><\/figure><\/a><\/div><div class=\"swiper-slide\" role=\"group\" aria-roledescription=\"slide\" aria-label=\"16 z 16\"><a data-elementor-open-lightbox=\"yes\" data-elementor-lightbox-slideshow=\"3b606a6\" data-elementor-lightbox-title=\"20211230_171500\" data-e-action-hash=\"#elementor-action%3Aaction%3Dlightbox%26settings%3DeyJpZCI6NTc1LCJ1cmwiOiJodHRwczpcL1wvcmluY29uZGVtYXJpbm9zLmFsbXVuZWNhci5mdW5cL3dwLWNvbnRlbnRcL3VwbG9hZHNcLzIwMjVcLzA1XC8yMDIxMTIzMF8xNzE1MDAuanBnIiwic2xpZGVzaG93IjoiM2I2MDZhNiJ9\" href=\"https:\/\/rincondemarinos.almunecar.fun\/wp-content\/uploads\/2025\/05\/20211230_171500.jpg\"><figure class=\"swiper-slide-inner\"><img decoding=\"async\" class=\"swiper-slide-image\" src=\"https:\/\/rincondemarinos.almunecar.fun\/wp-content\/uploads\/2025\/05\/20211230_171500-150x150.jpg\" alt=\"20211230_171500\" \/><\/figure><\/a><\/div>\t\t\t<\/div>\n\t\t\t\t\t\t\t\t\t\t\t\t<div class=\"elementor-swiper-button elementor-swiper-button-prev\" role=\"button\" tabindex=\"0\">\n\t\t\t\t\t\t<svg aria-hidden=\"true\" class=\"e-font-icon-svg e-eicon-chevron-left\" viewBox=\"0 0 1000 1000\" xmlns=\"http:\/\/www.w3.org\/2000\/svg\"><path d=\"M646 125C629 125 613 133 604 142L308 442C296 454 292 471 292 487 292 504 296 521 308 533L604 854C617 867 629 875 646 875 663 875 679 871 692 858 704 846 713 829 713 812 713 796 708 779 692 767L438 487 692 225C700 217 708 204 708 187 708 171 704 154 692 142 675 129 663 125 646 125Z\"><\/path><\/svg>\t\t\t\t\t<\/div>\n\t\t\t\t\t<div class=\"elementor-swiper-button elementor-swiper-button-next\" role=\"button\" tabindex=\"0\">\n\t\t\t\t\t\t<svg aria-hidden=\"true\" class=\"e-font-icon-svg e-eicon-chevron-right\" viewBox=\"0 0 1000 1000\" xmlns=\"http:\/\/www.w3.org\/2000\/svg\"><path d=\"M696 533C708 521 713 504 713 487 713 471 708 454 696 446L400 146C388 133 375 125 354 125 338 125 325 129 313 142 300 154 292 171 292 187 292 204 296 221 308 233L563 492 304 771C292 783 288 800 288 817 288 833 296 850 308 863 321 871 338 875 354 875 371 875 388 867 400 854L696 533Z\"><\/path><\/svg>\t\t\t\t\t<\/div>\n\t\t\t\t\n\t\t\t\t\t\t\t\t\t<div class=\"swiper-pagination\"><\/div>\n\t\t\t\t\t\t\t\t\t<\/div>\n\t\t\t\t\t\t<\/div>\n\t\t\t\t<\/div>\n\t\t\t\t\t<\/div>\n\t\t\t\t<\/div>\n\t\t\t\t<\/div>\n\t\t","protected":false},"excerpt":{"rendered":"<p>Odkryj Almu\u00f1\u00e9car \u2013 klejnot Costa Tropical Zapraszamy do Almu\u00f1\u00e9car, absolutnie zachwycaj\u0105cego miasteczka na przepi\u0119knym Costa Tropical! Wyobra\u017a sobie dni wype\u0142nione hiszpa\u0144skim s\u0142o\u0144cem na pla\u017cach obmywanych krystalicznie czystymi wodami Morza \u015ar\u00f3dziemnego. Niespe\u0142na 30-tysi\u0119czny Almu\u00f1\u00e9car to turystyczna stolica wybrze\u017ca Costa Tropical. Miasto ma ciekaw\u0105 przesz\u0142o\u015b\u0107 i malownicze krajobrazy. Ma\u0142o kto wie, \u017ce ze swoj\u0105 trwaj\u0105c\u0105 3000 lat [&hellip;]<\/p>\n","protected":false},"author":1,"featured_media":0,"parent":0,"menu_order":0,"comment_status":"closed","ping_status":"closed","template":"","meta":{"footnotes":""},"class_list":["post-164","page","type-page","status-publish","hentry"],"_links":{"self":[{"href":"https:\/\/rincondemarinos.almunecar.fun\/index.php?rest_route=\/wp\/v2\/pages\/164","targetHints":{"allow":["GET"]}}],"collection":[{"href":"https:\/\/rincondemarinos.almunecar.fun\/index.php?rest_route=\/wp\/v2\/pages"}],"about":[{"href":"https:\/\/rincondemarinos.almunecar.fun\/index.php?rest_route=\/wp\/v2\/types\/page"}],"author":[{"embeddable":true,"href":"https:\/\/rincondemarinos.almunecar.fun\/index.php?rest_route=\/wp\/v2\/users\/1"}],"replies":[{"embeddable":true,"href":"https:\/\/rincondemarinos.almunecar.fun\/index.php?rest_route=%2Fwp%2Fv2%2Fcomments&post=164"}],"version-history":[{"count":35,"href":"https:\/\/rincondemarinos.almunecar.fun\/index.php?rest_route=\/wp\/v2\/pages\/164\/revisions"}],"predecessor-version":[{"id":1478,"href":"https:\/\/rincondemarinos.almunecar.fun\/index.php?rest_route=\/wp\/v2\/pages\/164\/revisions\/1478"}],"wp:attachment":[{"href":"https:\/\/rincondemarinos.almunecar.fun\/index.php?rest_route=%2Fwp%2Fv2%2Fmedia&parent=164"}],"curies":[{"name":"wp","href":"https:\/\/api.w.org\/{rel}","templated":true}]}}