{"id":167,"date":"2025-05-13T17:21:44","date_gmt":"2025-05-13T15:21:44","guid":{"rendered":"http:\/\/rincondemarinos.almunecar.fun\/?page_id=167"},"modified":"2025-09-23T18:28:25","modified_gmt":"2025-09-23T16:28:25","slug":"rincon-de-marinos","status":"publish","type":"page","link":"https:\/\/rincondemarinos.almunecar.fun\/?page_id=167","title":{"rendered":"Apartment &#8211; PL"},"content":{"rendered":"\t\t<div data-elementor-type=\"wp-page\" data-elementor-id=\"167\" class=\"elementor elementor-167\" data-elementor-post-type=\"page\">\n\t\t\t\t<div class=\"elementor-element elementor-element-68d015bb e-flex e-con-boxed e-con e-parent\" data-id=\"68d015bb\" data-element_type=\"container\" data-e-type=\"container\">\n\t\t\t\t\t<div class=\"e-con-inner\">\n\t\t\t\t<div class=\"elementor-element elementor-element-2f696a6 elementor-widget elementor-widget-image\" data-id=\"2f696a6\" data-element_type=\"widget\" data-e-type=\"widget\" data-widget_type=\"image.default\">\n\t\t\t\t<div class=\"elementor-widget-container\">\n\t\t\t\t\t\t\t\t\t\t\t\t<figure class=\"wp-caption\">\n\t\t\t\t\t\t\t\t\t\t<img fetchpriority=\"high\" decoding=\"async\" width=\"1891\" height=\"379\" src=\"https:\/\/rincondemarinos.almunecar.fun\/wp-content\/uploads\/2025\/05\/header.jpg\" class=\"attachment-full size-full wp-image-917\" alt=\"\" srcset=\"https:\/\/rincondemarinos.almunecar.fun\/wp-content\/uploads\/2025\/05\/header.jpg 1891w, https:\/\/rincondemarinos.almunecar.fun\/wp-content\/uploads\/2025\/05\/header-300x60.jpg 300w, https:\/\/rincondemarinos.almunecar.fun\/wp-content\/uploads\/2025\/05\/header-1024x205.jpg 1024w, https:\/\/rincondemarinos.almunecar.fun\/wp-content\/uploads\/2025\/05\/header-768x154.jpg 768w, https:\/\/rincondemarinos.almunecar.fun\/wp-content\/uploads\/2025\/05\/header-1536x308.jpg 1536w\" sizes=\"(max-width: 1891px) 100vw, 1891px\" \/>\t\t\t\t\t\t\t\t\t\t\t<figcaption class=\"widget-image-caption wp-caption-text\">Apartament Rincon de Marinos, Almunecar, Hiszpania<\/figcaption>\n\t\t\t\t\t\t\t\t\t\t<\/figure>\n\t\t\t\t\t\t\t\t\t<\/div>\n\t\t\t\t<\/div>\n\t\t\t\t<div class=\"elementor-element elementor-element-196bb8a6 elementor-widget elementor-widget-text-editor\" data-id=\"196bb8a6\" data-element_type=\"widget\" data-e-type=\"widget\" data-widget_type=\"text-editor.default\">\n\t\t\t\t<div class=\"elementor-widget-container\">\n\t\t\t\t\t\t\t\t\t<p><span style=\"font-size: 1rem;\">Zapraszamy do naszego domu wakacyjnego, po\u0142o\u017conego w urokliwej, nadmorskiej miejscowo\u015bci Almu\u00f1\u00e9car, stolicy Costa Tropical, najstarszego hiszpa\u0144skiego miasta nad Morzem \u015ar\u00f3dziemnym. To idealne miejsce na relaks, gdzie mo\u017cesz cieszy\u0107 si\u0119 pi\u0119knymi widokami, blisko\u015bci\u0105 pla\u017c i komfortem nowoczesnego wn\u0119trza.<\/span><\/p>\n<p><!-- \/wp:paragraph --><!-- wp:paragraph --><\/p>\n<p><strong>Oferujemy:<\/strong><\/p>\n<ul>\n<li><strong>Przestronny, pi\u0119trowy dom o powierzchni 70 m\u00b2,<\/strong> w kt\u00f3rym wygodnie mo\u017ce zamieszka\u0107 nawet do <strong>6 <\/strong>os\u00f3b.<\/li>\n<li><strong>Dwie sypialnie<\/strong>, jedna z \u0142\u00f3\u017ckiem podw\u00f3jnym, druga z dwoma pojedynczymi.<\/li>\n<li><strong>Salon z rozk\u0142adan\u0105 sof\u0105<\/strong>\u00a0i telewizorem z p\u0142askim ekranem.<\/li>\n<li><strong>W pe\u0142ni wyposa\u017cona kuchnia<\/strong>, \u00a0idealna do przygotowywania posi\u0142k\u00f3w.<\/li>\n<li><strong>Dwie \u0142azienki<\/strong>, z wann\u0105, prysznicem i bidetem.<\/li>\n<li><strong>Dwa tarasy i balkon<\/strong> z widokiem na miasto, g\u00f3ry i morze.<\/li>\n<li><strong style=\"font-size: 1rem;\">Bezp\u0142atne Wi-Fi<\/strong><span style=\"font-size: 1rem;\">\u00a0(300Mb \u015bwiat\u0142ow\u00f3d).<\/span><\/li>\n<li><strong style=\"font-size: 1rem;\">Klimatyzacja<\/strong><span style=\"font-size: 1rem;\"> w ka\u017cdym pokoju.<\/span><\/li>\n<li><strong style=\"font-size: 1rem;\">Basen sezonowy<\/strong><span style=\"font-size: 1rem;\">\u00a0oraz pi\u0119kny ogr\u00f3d na terenie osiedla.<\/span><\/li>\n<li><strong style=\"font-size: 1rem;\">Bezp\u0142atne miejsce parkingowe<\/strong><span style=\"font-size: 1rem;\">\u00a0dla go\u015bci.<\/span><\/li>\n<\/ul>\n<p><strong style=\"font-size: 1rem;\"><br \/>Lokalizacja:<\/strong><\/p>\n<p>dom znajduje si\u0119 w obr\u0119bie zamkni\u0119tego niewielkiego i cichego osiedla dom\u00f3w szeregowych, w stylu andaluzyjskim,\u00a0zaledwie 5 minut spacerem od pla\u017cy. W pobli\u017cu znajdziesz liczne restauracje, sklepy i atrakcje turystyczne.<\/p>\n<p>Kompleks Alhambry w Granadzie, najliczniej odwiedzany zabytek w Andaluzji\u00a0 znajduje si\u0119 tylko o godzin\u0119 drogi. S\u0142ynny Balc\u00f3n de Europa oraz Jaskinia w Nerji s\u0105 oddalone o oko\u0142o 23 km. G\u00f3ry Sierra Nevada, gdzie mo\u017cna je\u017adzi\u0107 na nartach do kwietnia, znajduj\u0105 si\u0119 w odleg\u0142o\u015bci 1 godziny jazdy samochodem.<\/p>\n<p><a href=\"https:\/\/rincondemarinos.almunecar.fun\/?page_id=349\"><strong><span style=\"text-decoration: underline;\">Dojazd<\/span><\/strong><\/a>:\u00a0Najbli\u017csze lotnisko to\u00a0Port lotniczy M\u00e1laga, oddalony o 86 km. (czas dojazdu z lotniska to ok. 1 godzina)<\/p>\n<p><a style=\"font-size: 1rem; background-color: #ffffff;\" href=\"https:\/\/rincondemarinos.almunecar.fun\/?page_id=179\" rel=\"noopener\"><strong><span style=\"text-decoration: underline;\">Zarezerwuj<\/span><\/strong><\/a><span style=\"font-size: 1rem;\">\u00a0ju\u017c dzi\u015b i ciesz si\u0119 niezapomnianym pobytem w sercu Andaluzji!<\/span><\/p>\n<p><a href=\"https:\/\/rincondemarinos.almunecar.fun\/?page_id=1135\"><u><strong>Zapoznaj si\u0119 z zasadami rezerwacji<\/strong><\/u><\/a><\/p>\n<p><strong>Wyposa\u017cenie:<\/strong><\/p>\n<ul>\n<li>Lod\u00f3wka<\/li>\n<li>Zmywarka<\/li>\n<li>Kuchenka mikrofalowa<\/li>\n<li>P\u0142yta kuchenna<\/li>\n<li>Piekarnik<\/li>\n<li>Pralka<\/li>\n<li>Przybory kuchenne<\/li>\n<li>Czajnik elektryczny<\/li>\n<li>Zestaw do parzenia kawy i herbaty<\/li>\n<li>Telewizor z p\u0142askim ekranem, Android TV, Google TV, Digi TV<\/li>\n<li>Wifi 300Gb \u015bwiat\u0142ow\u00f3d<\/li>\n<li>Klimatyzacja\\ogrzewanie<\/li>\n<li>R\u0119czniki, r\u0119czniki pla\u017cowe<\/li>\n<li>Parasol pla\u017cowy<\/li>\n<li>Po\u015bciel<\/li>\n<li>\u015arodki czysto\u015bci\\kosmetyki<\/li>\n<li>Suszarka do w\u0142os\u00f3w<\/li>\n<li>Sprz\u0119t do prasowania<\/li>\n<li>\u017belazko<\/li>\n<li>Pod\u0142oga wy\u0142o\u017cona ceramik\u0105<\/li>\n<li>Okiennice<\/li>\n<li>Biurko do pracy<\/li>\n<li>Krzese\u0142ko dla dzieci<\/li>\n<li>Cz\u0119\u015b\u0107 wypoczynkowa<\/li>\n<li>Cz\u0119\u015b\u0107 jadalna<\/li>\n<li>Rozk\u0142adana sofa<\/li>\n<li>Szafy garderobiane<\/li>\n<li>St\u00f3\u0142 na \u015bwie\u017cym powietrzu<\/li>\n<\/ul>\n<p><!-- \/wp:envira\/envira-gallery --><\/p>\t\t\t\t\t\t\t\t<\/div>\n\t\t\t\t<\/div>\n\t\t\t\t<div class=\"elementor-element elementor-element-40a61e6 elementor-widget elementor-widget-gallery\" data-id=\"40a61e6\" data-element_type=\"widget\" data-e-type=\"widget\" data-settings=\"{&quot;gallery_layout&quot;:&quot;justified&quot;,&quot;gap&quot;:{&quot;unit&quot;:&quot;px&quot;,&quot;size&quot;:5,&quot;sizes&quot;:[]},&quot;overlay_title&quot;:&quot;title&quot;,&quot;image_hover_animation&quot;:&quot;grow&quot;,&quot;lazyload&quot;:&quot;yes&quot;,&quot;ideal_row_height&quot;:{&quot;unit&quot;:&quot;px&quot;,&quot;size&quot;:200,&quot;sizes&quot;:[]},&quot;ideal_row_height_tablet&quot;:{&quot;unit&quot;:&quot;px&quot;,&quot;size&quot;:150,&quot;sizes&quot;:[]},&quot;ideal_row_height_mobile&quot;:{&quot;unit&quot;:&quot;px&quot;,&quot;size&quot;:150,&quot;sizes&quot;:[]},&quot;gap_tablet&quot;:{&quot;unit&quot;:&quot;px&quot;,&quot;size&quot;:10,&quot;sizes&quot;:[]},&quot;gap_mobile&quot;:{&quot;unit&quot;:&quot;px&quot;,&quot;size&quot;:10,&quot;sizes&quot;:[]},&quot;link_to&quot;:&quot;file&quot;,&quot;overlay_background&quot;:&quot;yes&quot;,&quot;content_hover_animation&quot;:&quot;fade-in&quot;}\" data-widget_type=\"gallery.default\">\n\t\t\t\t<div class=\"elementor-widget-container\">\n\t\t\t\t\t\t\t<div class=\"elementor-gallery__container\">\n\t\t\t\t\t\t\t<a class=\"e-gallery-item elementor-gallery-item elementor-animated-content\" href=\"https:\/\/rincondemarinos.almunecar.fun\/wp-content\/uploads\/2025\/05\/taras-8-booking-scaled.jpg\" data-elementor-open-lightbox=\"yes\" data-elementor-lightbox-slideshow=\"40a61e6\" data-elementor-lightbox-title=\"terrace\" data-e-action-hash=\"#elementor-action%3Aaction%3Dlightbox%26settings%3DeyJpZCI6OTAyLCJ1cmwiOiJodHRwczpcL1wvcmluY29uZGVtYXJpbm9zLmFsbXVuZWNhci5mdW5cL3dwLWNvbnRlbnRcL3VwbG9hZHNcLzIwMjVcLzA1XC90YXJhcy04LWJvb2tpbmctc2NhbGVkLmpwZyIsInNsaWRlc2hvdyI6IjQwYTYxZTYifQ%3D%3D\">\n\t\t\t\t\t<div class=\"e-gallery-image elementor-gallery-item__image\" data-thumbnail=\"https:\/\/rincondemarinos.almunecar.fun\/wp-content\/uploads\/2025\/05\/taras-8-booking-300x225.jpg\" data-width=\"300\" data-height=\"225\" aria-label=\"\" role=\"img\" ><\/div>\n\t\t\t\t\t\t\t\t\t\t\t<div class=\"elementor-gallery-item__overlay\"><\/div>\n\t\t\t\t\t\t\t\t\t\t\t\t\t\t\t<div class=\"elementor-gallery-item__content\">\n\t\t\t\t\t\t\t\t\t\t\t\t\t\t<div class=\"elementor-gallery-item__title\">\n\t\t\t\t\t\t\t\t\t\t\t\t\t\t\t\t\t\tterrace\t\t\t\t\t\t\t\t<\/div>\n\t\t\t\t\t\t\t\t\t\t\t\t<\/div>\n\t\t\t\t\t\t\t\t\t<\/a>\n\t\t\t\t\t\t\t<a class=\"e-gallery-item elementor-gallery-item elementor-animated-content\" href=\"https:\/\/rincondemarinos.almunecar.fun\/wp-content\/uploads\/2025\/09\/taras-3-booking.jpg\" data-elementor-open-lightbox=\"yes\" data-elementor-lightbox-slideshow=\"40a61e6\" data-elementor-lightbox-title=\"terrace\" data-e-action-hash=\"#elementor-action%3Aaction%3Dlightbox%26settings%3DeyJpZCI6MTIyMSwidXJsIjoiaHR0cHM6XC9cL3JpbmNvbmRlbWFyaW5vcy5hbG11bmVjYXIuZnVuXC93cC1jb250ZW50XC91cGxvYWRzXC8yMDI1XC8wOVwvdGFyYXMtMy1ib29raW5nLmpwZyIsInNsaWRlc2hvdyI6IjQwYTYxZTYifQ%3D%3D\">\n\t\t\t\t\t<div class=\"e-gallery-image elementor-gallery-item__image\" data-thumbnail=\"https:\/\/rincondemarinos.almunecar.fun\/wp-content\/uploads\/2025\/09\/taras-3-booking-300x225.jpg\" data-width=\"300\" data-height=\"225\" aria-label=\"\" role=\"img\" ><\/div>\n\t\t\t\t\t\t\t\t\t\t\t<div class=\"elementor-gallery-item__overlay\"><\/div>\n\t\t\t\t\t\t\t\t\t\t\t\t\t\t\t<div class=\"elementor-gallery-item__content\">\n\t\t\t\t\t\t\t\t\t\t\t\t\t\t<div class=\"elementor-gallery-item__title\">\n\t\t\t\t\t\t\t\t\t\t\t\t\t\t\t\t\t\tterrace\t\t\t\t\t\t\t\t<\/div>\n\t\t\t\t\t\t\t\t\t\t\t\t<\/div>\n\t\t\t\t\t\t\t\t\t<\/a>\n\t\t\t\t\t\t\t<a class=\"e-gallery-item elementor-gallery-item elementor-animated-content\" href=\"https:\/\/rincondemarinos.almunecar.fun\/wp-content\/uploads\/2025\/05\/salon-3-booking-scaled.jpg\" data-elementor-open-lightbox=\"yes\" data-elementor-lightbox-slideshow=\"40a61e6\" data-elementor-lightbox-title=\"living room\" data-e-action-hash=\"#elementor-action%3Aaction%3Dlightbox%26settings%3DeyJpZCI6ODkzLCJ1cmwiOiJodHRwczpcL1wvcmluY29uZGVtYXJpbm9zLmFsbXVuZWNhci5mdW5cL3dwLWNvbnRlbnRcL3VwbG9hZHNcLzIwMjVcLzA1XC9zYWxvbi0zLWJvb2tpbmctc2NhbGVkLmpwZyIsInNsaWRlc2hvdyI6IjQwYTYxZTYifQ%3D%3D\">\n\t\t\t\t\t<div class=\"e-gallery-image elementor-gallery-item__image\" data-thumbnail=\"https:\/\/rincondemarinos.almunecar.fun\/wp-content\/uploads\/2025\/05\/salon-3-booking-300x225.jpg\" data-width=\"300\" data-height=\"225\" aria-label=\"\" role=\"img\" ><\/div>\n\t\t\t\t\t\t\t\t\t\t\t<div class=\"elementor-gallery-item__overlay\"><\/div>\n\t\t\t\t\t\t\t\t\t\t\t\t\t\t\t<div class=\"elementor-gallery-item__content\">\n\t\t\t\t\t\t\t\t\t\t\t\t\t\t<div class=\"elementor-gallery-item__title\">\n\t\t\t\t\t\t\t\t\t\t\t\t\t\t\t\t\t\tliving room\t\t\t\t\t\t\t\t<\/div>\n\t\t\t\t\t\t\t\t\t\t\t\t<\/div>\n\t\t\t\t\t\t\t\t\t<\/a>\n\t\t\t\t\t\t\t<a class=\"e-gallery-item elementor-gallery-item elementor-animated-content\" href=\"https:\/\/rincondemarinos.almunecar.fun\/wp-content\/uploads\/2025\/05\/salon-5-scaled.jpg\" data-elementor-open-lightbox=\"yes\" data-elementor-lightbox-slideshow=\"40a61e6\" data-elementor-lightbox-title=\"living room\" data-e-action-hash=\"#elementor-action%3Aaction%3Dlightbox%26settings%3DeyJpZCI6ODk1LCJ1cmwiOiJodHRwczpcL1wvcmluY29uZGVtYXJpbm9zLmFsbXVuZWNhci5mdW5cL3dwLWNvbnRlbnRcL3VwbG9hZHNcLzIwMjVcLzA1XC9zYWxvbi01LXNjYWxlZC5qcGciLCJzbGlkZXNob3ciOiI0MGE2MWU2In0%3D\">\n\t\t\t\t\t<div class=\"e-gallery-image elementor-gallery-item__image\" data-thumbnail=\"https:\/\/rincondemarinos.almunecar.fun\/wp-content\/uploads\/2025\/05\/salon-5-300x225.jpg\" data-width=\"300\" data-height=\"225\" aria-label=\"\" role=\"img\" ><\/div>\n\t\t\t\t\t\t\t\t\t\t\t<div class=\"elementor-gallery-item__overlay\"><\/div>\n\t\t\t\t\t\t\t\t\t\t\t\t\t\t\t<div class=\"elementor-gallery-item__content\">\n\t\t\t\t\t\t\t\t\t\t\t\t\t\t<div class=\"elementor-gallery-item__title\">\n\t\t\t\t\t\t\t\t\t\t\t\t\t\t\t\t\t\tliving room\t\t\t\t\t\t\t\t<\/div>\n\t\t\t\t\t\t\t\t\t\t\t\t<\/div>\n\t\t\t\t\t\t\t\t\t<\/a>\n\t\t\t\t\t\t\t<a class=\"e-gallery-item elementor-gallery-item elementor-animated-content\" href=\"https:\/\/rincondemarinos.almunecar.fun\/wp-content\/uploads\/2025\/09\/salon12.jpg\" data-elementor-open-lightbox=\"yes\" data-elementor-lightbox-slideshow=\"40a61e6\" data-elementor-lightbox-title=\"living room\" data-e-action-hash=\"#elementor-action%3Aaction%3Dlightbox%26settings%3DeyJpZCI6MTIyMCwidXJsIjoiaHR0cHM6XC9cL3JpbmNvbmRlbWFyaW5vcy5hbG11bmVjYXIuZnVuXC93cC1jb250ZW50XC91cGxvYWRzXC8yMDI1XC8wOVwvc2Fsb24xMi5qcGciLCJzbGlkZXNob3ciOiI0MGE2MWU2In0%3D\">\n\t\t\t\t\t<div class=\"e-gallery-image elementor-gallery-item__image\" data-thumbnail=\"https:\/\/rincondemarinos.almunecar.fun\/wp-content\/uploads\/2025\/09\/salon12-300x225.jpg\" data-width=\"300\" data-height=\"225\" aria-label=\"\" role=\"img\" ><\/div>\n\t\t\t\t\t\t\t\t\t\t\t<div class=\"elementor-gallery-item__overlay\"><\/div>\n\t\t\t\t\t\t\t\t\t\t\t\t\t\t\t<div class=\"elementor-gallery-item__content\">\n\t\t\t\t\t\t\t\t\t\t\t\t\t\t<div class=\"elementor-gallery-item__title\">\n\t\t\t\t\t\t\t\t\t\t\t\t\t\t\t\t\t\tliving room\t\t\t\t\t\t\t\t<\/div>\n\t\t\t\t\t\t\t\t\t\t\t\t<\/div>\n\t\t\t\t\t\t\t\t\t<\/a>\n\t\t\t\t\t\t\t<a class=\"e-gallery-item elementor-gallery-item elementor-animated-content\" href=\"https:\/\/rincondemarinos.almunecar.fun\/wp-content\/uploads\/2025\/05\/kuchnia-2-booking-scaled.jpg\" data-elementor-open-lightbox=\"yes\" data-elementor-lightbox-slideshow=\"40a61e6\" data-elementor-lightbox-title=\"kitchen\" data-e-action-hash=\"#elementor-action%3Aaction%3Dlightbox%26settings%3DeyJpZCI6ODkxLCJ1cmwiOiJodHRwczpcL1wvcmluY29uZGVtYXJpbm9zLmFsbXVuZWNhci5mdW5cL3dwLWNvbnRlbnRcL3VwbG9hZHNcLzIwMjVcLzA1XC9rdWNobmlhLTItYm9va2luZy1zY2FsZWQuanBnIiwic2xpZGVzaG93IjoiNDBhNjFlNiJ9\">\n\t\t\t\t\t<div class=\"e-gallery-image elementor-gallery-item__image\" data-thumbnail=\"https:\/\/rincondemarinos.almunecar.fun\/wp-content\/uploads\/2025\/05\/kuchnia-2-booking-300x225.jpg\" data-width=\"300\" data-height=\"225\" aria-label=\"\" role=\"img\" ><\/div>\n\t\t\t\t\t\t\t\t\t\t\t<div class=\"elementor-gallery-item__overlay\"><\/div>\n\t\t\t\t\t\t\t\t\t\t\t\t\t\t\t<div class=\"elementor-gallery-item__content\">\n\t\t\t\t\t\t\t\t\t\t\t\t\t\t<div class=\"elementor-gallery-item__title\">\n\t\t\t\t\t\t\t\t\t\t\t\t\t\t\t\t\t\tkitchen\t\t\t\t\t\t\t\t<\/div>\n\t\t\t\t\t\t\t\t\t\t\t\t<\/div>\n\t\t\t\t\t\t\t\t\t<\/a>\n\t\t\t\t\t\t\t<a class=\"e-gallery-item elementor-gallery-item elementor-animated-content\" href=\"https:\/\/rincondemarinos.almunecar.fun\/wp-content\/uploads\/2025\/05\/BOO2309-1.jpg\" data-elementor-open-lightbox=\"yes\" data-elementor-lightbox-slideshow=\"40a61e6\" data-elementor-lightbox-title=\"bedroom 1\" data-e-action-hash=\"#elementor-action%3Aaction%3Dlightbox%26settings%3DeyJpZCI6MTI2LCJ1cmwiOiJodHRwczpcL1wvcmluY29uZGVtYXJpbm9zLmFsbXVuZWNhci5mdW5cL3dwLWNvbnRlbnRcL3VwbG9hZHNcLzIwMjVcLzA1XC9CT08yMzA5LTEuanBnIiwic2xpZGVzaG93IjoiNDBhNjFlNiJ9\">\n\t\t\t\t\t<div class=\"e-gallery-image elementor-gallery-item__image\" data-thumbnail=\"https:\/\/rincondemarinos.almunecar.fun\/wp-content\/uploads\/2025\/05\/BOO2309-1-200x300.jpg\" data-width=\"200\" data-height=\"300\" aria-label=\"\" role=\"img\" ><\/div>\n\t\t\t\t\t\t\t\t\t\t\t<div class=\"elementor-gallery-item__overlay\"><\/div>\n\t\t\t\t\t\t\t\t\t\t\t\t\t\t\t<div class=\"elementor-gallery-item__content\">\n\t\t\t\t\t\t\t\t\t\t\t\t\t\t<div class=\"elementor-gallery-item__title\">\n\t\t\t\t\t\t\t\t\t\t\t\t\t\t\t\t\t\tbedroom 1\t\t\t\t\t\t\t\t<\/div>\n\t\t\t\t\t\t\t\t\t\t\t\t<\/div>\n\t\t\t\t\t\t\t\t\t<\/a>\n\t\t\t\t\t\t\t<a class=\"e-gallery-item elementor-gallery-item elementor-animated-content\" href=\"https:\/\/rincondemarinos.almunecar.fun\/wp-content\/uploads\/2025\/05\/BOO2297-1.jpg\" data-elementor-open-lightbox=\"yes\" data-elementor-lightbox-slideshow=\"40a61e6\" data-elementor-lightbox-title=\"bedroom 2\" data-e-action-hash=\"#elementor-action%3Aaction%3Dlightbox%26settings%3DeyJpZCI6MTE3LCJ1cmwiOiJodHRwczpcL1wvcmluY29uZGVtYXJpbm9zLmFsbXVuZWNhci5mdW5cL3dwLWNvbnRlbnRcL3VwbG9hZHNcLzIwMjVcLzA1XC9CT08yMjk3LTEuanBnIiwic2xpZGVzaG93IjoiNDBhNjFlNiJ9\">\n\t\t\t\t\t<div class=\"e-gallery-image elementor-gallery-item__image\" data-thumbnail=\"https:\/\/rincondemarinos.almunecar.fun\/wp-content\/uploads\/2025\/05\/BOO2297-1-200x300.jpg\" data-width=\"200\" data-height=\"300\" aria-label=\"\" role=\"img\" ><\/div>\n\t\t\t\t\t\t\t\t\t\t\t<div class=\"elementor-gallery-item__overlay\"><\/div>\n\t\t\t\t\t\t\t\t\t\t\t\t\t\t\t<div class=\"elementor-gallery-item__content\">\n\t\t\t\t\t\t\t\t\t\t\t\t\t\t<div class=\"elementor-gallery-item__title\">\n\t\t\t\t\t\t\t\t\t\t\t\t\t\t\t\t\t\tbedroom 2\t\t\t\t\t\t\t\t<\/div>\n\t\t\t\t\t\t\t\t\t\t\t\t<\/div>\n\t\t\t\t\t\t\t\t\t<\/a>\n\t\t\t\t\t\t\t<a class=\"e-gallery-item elementor-gallery-item elementor-animated-content\" href=\"https:\/\/rincondemarinos.almunecar.fun\/wp-content\/uploads\/2025\/05\/BOO2287-1.jpg\" data-elementor-open-lightbox=\"yes\" data-elementor-lightbox-slideshow=\"40a61e6\" data-elementor-lightbox-title=\"bathroom 1\" data-e-action-hash=\"#elementor-action%3Aaction%3Dlightbox%26settings%3DeyJpZCI6MTEwLCJ1cmwiOiJodHRwczpcL1wvcmluY29uZGVtYXJpbm9zLmFsbXVuZWNhci5mdW5cL3dwLWNvbnRlbnRcL3VwbG9hZHNcLzIwMjVcLzA1XC9CT08yMjg3LTEuanBnIiwic2xpZGVzaG93IjoiNDBhNjFlNiJ9\">\n\t\t\t\t\t<div class=\"e-gallery-image elementor-gallery-item__image\" data-thumbnail=\"https:\/\/rincondemarinos.almunecar.fun\/wp-content\/uploads\/2025\/05\/BOO2287-1-200x300.jpg\" data-width=\"200\" data-height=\"300\" aria-label=\"\" role=\"img\" ><\/div>\n\t\t\t\t\t\t\t\t\t\t\t<div class=\"elementor-gallery-item__overlay\"><\/div>\n\t\t\t\t\t\t\t\t\t\t\t\t\t\t\t<div class=\"elementor-gallery-item__content\">\n\t\t\t\t\t\t\t\t\t\t\t\t\t\t<div class=\"elementor-gallery-item__title\">\n\t\t\t\t\t\t\t\t\t\t\t\t\t\t\t\t\t\tbathroom 1\t\t\t\t\t\t\t\t<\/div>\n\t\t\t\t\t\t\t\t\t\t\t\t<\/div>\n\t\t\t\t\t\t\t\t\t<\/a>\n\t\t\t\t\t\t\t<a class=\"e-gallery-item elementor-gallery-item elementor-animated-content\" href=\"https:\/\/rincondemarinos.almunecar.fun\/wp-content\/uploads\/2025\/05\/BOO2311-scaled.jpg\" data-elementor-open-lightbox=\"yes\" data-elementor-lightbox-slideshow=\"40a61e6\" data-elementor-lightbox-title=\"bathroom 2\" data-e-action-hash=\"#elementor-action%3Aaction%3Dlightbox%26settings%3DeyJpZCI6NzAsInVybCI6Imh0dHBzOlwvXC9yaW5jb25kZW1hcmlub3MuYWxtdW5lY2FyLmZ1blwvd3AtY29udGVudFwvdXBsb2Fkc1wvMjAyNVwvMDVcL0JPTzIzMTEtc2NhbGVkLmpwZyIsInNsaWRlc2hvdyI6IjQwYTYxZTYifQ%3D%3D\">\n\t\t\t\t\t<div class=\"e-gallery-image elementor-gallery-item__image\" data-thumbnail=\"https:\/\/rincondemarinos.almunecar.fun\/wp-content\/uploads\/2025\/05\/BOO2311-200x300.jpg\" data-width=\"200\" data-height=\"300\" aria-label=\"\" role=\"img\" ><\/div>\n\t\t\t\t\t\t\t\t\t\t\t<div class=\"elementor-gallery-item__overlay\"><\/div>\n\t\t\t\t\t\t\t\t\t\t\t\t\t\t\t<div class=\"elementor-gallery-item__content\">\n\t\t\t\t\t\t\t\t\t\t\t\t\t\t<div class=\"elementor-gallery-item__title\">\n\t\t\t\t\t\t\t\t\t\t\t\t\t\t\t\t\t\tbathroom 2\t\t\t\t\t\t\t\t<\/div>\n\t\t\t\t\t\t\t\t\t\t\t\t<\/div>\n\t\t\t\t\t\t\t\t\t<\/a>\n\t\t\t\t\t\t\t<a class=\"e-gallery-item elementor-gallery-item elementor-animated-content\" href=\"https:\/\/rincondemarinos.almunecar.fun\/wp-content\/uploads\/2025\/05\/dom-2-booking-scaled.jpg\" data-elementor-open-lightbox=\"yes\" data-elementor-lightbox-slideshow=\"40a61e6\" data-elementor-lightbox-title=\"entrance\" data-e-action-hash=\"#elementor-action%3Aaction%3Dlightbox%26settings%3DeyJpZCI6ODkwLCJ1cmwiOiJodHRwczpcL1wvcmluY29uZGVtYXJpbm9zLmFsbXVuZWNhci5mdW5cL3dwLWNvbnRlbnRcL3VwbG9hZHNcLzIwMjVcLzA1XC9kb20tMi1ib29raW5nLXNjYWxlZC5qcGciLCJzbGlkZXNob3ciOiI0MGE2MWU2In0%3D\">\n\t\t\t\t\t<div class=\"e-gallery-image elementor-gallery-item__image\" data-thumbnail=\"https:\/\/rincondemarinos.almunecar.fun\/wp-content\/uploads\/2025\/05\/dom-2-booking-300x225.jpg\" data-width=\"300\" data-height=\"225\" aria-label=\"\" role=\"img\" ><\/div>\n\t\t\t\t\t\t\t\t\t\t\t<div class=\"elementor-gallery-item__overlay\"><\/div>\n\t\t\t\t\t\t\t\t\t\t\t\t\t\t\t<div class=\"elementor-gallery-item__content\">\n\t\t\t\t\t\t\t\t\t\t\t\t\t\t<div class=\"elementor-gallery-item__title\">\n\t\t\t\t\t\t\t\t\t\t\t\t\t\t\t\t\t\tentrance\t\t\t\t\t\t\t\t<\/div>\n\t\t\t\t\t\t\t\t\t\t\t\t<\/div>\n\t\t\t\t\t\t\t\t\t<\/a>\n\t\t\t\t\t\t\t<a class=\"e-gallery-item elementor-gallery-item elementor-animated-content\" href=\"https:\/\/rincondemarinos.almunecar.fun\/wp-content\/uploads\/2025\/09\/parking.jpg\" data-elementor-open-lightbox=\"yes\" data-elementor-lightbox-slideshow=\"40a61e6\" data-elementor-lightbox-title=\"parking place\" data-e-action-hash=\"#elementor-action%3Aaction%3Dlightbox%26settings%3DeyJpZCI6MTIyMiwidXJsIjoiaHR0cHM6XC9cL3JpbmNvbmRlbWFyaW5vcy5hbG11bmVjYXIuZnVuXC93cC1jb250ZW50XC91cGxvYWRzXC8yMDI1XC8wOVwvcGFya2luZy5qcGciLCJzbGlkZXNob3ciOiI0MGE2MWU2In0%3D\">\n\t\t\t\t\t<div class=\"e-gallery-image elementor-gallery-item__image\" data-thumbnail=\"https:\/\/rincondemarinos.almunecar.fun\/wp-content\/uploads\/2025\/09\/parking-225x300.jpg\" data-width=\"225\" data-height=\"300\" aria-label=\"parking\" role=\"img\" ><\/div>\n\t\t\t\t\t\t\t\t\t\t\t<div class=\"elementor-gallery-item__overlay\"><\/div>\n\t\t\t\t\t\t\t\t\t\t\t\t\t\t\t<div class=\"elementor-gallery-item__content\">\n\t\t\t\t\t\t\t\t\t\t\t\t\t\t<div class=\"elementor-gallery-item__title\">\n\t\t\t\t\t\t\t\t\t\t\t\t\t\t\t\t\t\tparking place\t\t\t\t\t\t\t\t<\/div>\n\t\t\t\t\t\t\t\t\t\t\t\t<\/div>\n\t\t\t\t\t\t\t\t\t<\/a>\n\t\t\t\t\t\t\t<a class=\"e-gallery-item elementor-gallery-item elementor-animated-content\" href=\"https:\/\/rincondemarinos.almunecar.fun\/wp-content\/uploads\/2025\/05\/basen-13.jpg\" data-elementor-open-lightbox=\"yes\" data-elementor-lightbox-slideshow=\"40a61e6\" data-elementor-lightbox-title=\"swiming pool\" data-e-action-hash=\"#elementor-action%3Aaction%3Dlightbox%26settings%3DeyJpZCI6ODg5LCJ1cmwiOiJodHRwczpcL1wvcmluY29uZGVtYXJpbm9zLmFsbXVuZWNhci5mdW5cL3dwLWNvbnRlbnRcL3VwbG9hZHNcLzIwMjVcLzA1XC9iYXNlbi0xMy5qcGciLCJzbGlkZXNob3ciOiI0MGE2MWU2In0%3D\">\n\t\t\t\t\t<div class=\"e-gallery-image elementor-gallery-item__image\" data-thumbnail=\"https:\/\/rincondemarinos.almunecar.fun\/wp-content\/uploads\/2025\/05\/basen-13-300x214.jpg\" data-width=\"300\" data-height=\"214\" aria-label=\"\" role=\"img\" ><\/div>\n\t\t\t\t\t\t\t\t\t\t\t<div class=\"elementor-gallery-item__overlay\"><\/div>\n\t\t\t\t\t\t\t\t\t\t\t\t\t\t\t<div class=\"elementor-gallery-item__content\">\n\t\t\t\t\t\t\t\t\t\t\t\t\t\t<div class=\"elementor-gallery-item__title\">\n\t\t\t\t\t\t\t\t\t\t\t\t\t\t\t\t\t\tswiming pool\t\t\t\t\t\t\t\t<\/div>\n\t\t\t\t\t\t\t\t\t\t\t\t<\/div>\n\t\t\t\t\t\t\t\t\t<\/a>\n\t\t\t\t\t<\/div>\n\t\t\t\t\t<\/div>\n\t\t\t\t<\/div>\n\t\t\t\t\t<\/div>\n\t\t\t\t<\/div>\n\t\t\t\t<\/div>\n\t\t","protected":false},"excerpt":{"rendered":"<p>Apartament Rincon de Marinos, Almunecar, Hiszpania Zapraszamy do naszego domu wakacyjnego, po\u0142o\u017conego w urokliwej, nadmorskiej miejscowo\u015bci Almu\u00f1\u00e9car, stolicy Costa Tropical, najstarszego hiszpa\u0144skiego miasta nad Morzem \u015ar\u00f3dziemnym. To idealne miejsce na relaks, gdzie mo\u017cesz cieszy\u0107 si\u0119 pi\u0119knymi widokami, blisko\u015bci\u0105 pla\u017c i komfortem nowoczesnego wn\u0119trza. Oferujemy: Przestronny, pi\u0119trowy dom o powierzchni 70 m\u00b2, w kt\u00f3rym wygodnie mo\u017ce [&hellip;]<\/p>\n","protected":false},"author":1,"featured_media":162,"parent":0,"menu_order":0,"comment_status":"closed","ping_status":"closed","template":"","meta":{"footnotes":""},"class_list":["post-167","page","type-page","status-publish","has-post-thumbnail","hentry"],"_links":{"self":[{"href":"https:\/\/rincondemarinos.almunecar.fun\/index.php?rest_route=\/wp\/v2\/pages\/167","targetHints":{"allow":["GET"]}}],"collection":[{"href":"https:\/\/rincondemarinos.almunecar.fun\/index.php?rest_route=\/wp\/v2\/pages"}],"about":[{"href":"https:\/\/rincondemarinos.almunecar.fun\/index.php?rest_route=\/wp\/v2\/types\/page"}],"author":[{"embeddable":true,"href":"https:\/\/rincondemarinos.almunecar.fun\/index.php?rest_route=\/wp\/v2\/users\/1"}],"replies":[{"embeddable":true,"href":"https:\/\/rincondemarinos.almunecar.fun\/index.php?rest_route=%2Fwp%2Fv2%2Fcomments&post=167"}],"version-history":[{"count":139,"href":"https:\/\/rincondemarinos.almunecar.fun\/index.php?rest_route=\/wp\/v2\/pages\/167\/revisions"}],"predecessor-version":[{"id":1483,"href":"https:\/\/rincondemarinos.almunecar.fun\/index.php?rest_route=\/wp\/v2\/pages\/167\/revisions\/1483"}],"wp:featuredmedia":[{"embeddable":true,"href":"https:\/\/rincondemarinos.almunecar.fun\/index.php?rest_route=\/wp\/v2\/media\/162"}],"wp:attachment":[{"href":"https:\/\/rincondemarinos.almunecar.fun\/index.php?rest_route=%2Fwp%2Fv2%2Fmedia&parent=167"}],"curies":[{"name":"wp","href":"https:\/\/api.w.org\/{rel}","templated":true}]}}